{"id":96,"date":"2017-01-16T13:49:31","date_gmt":"2017-01-16T13:49:31","guid":{"rendered":"https:\/\/www.plastic-crate.com\/?post_type=product&#038;p=96"},"modified":"2025-03-24T19:48:50","modified_gmt":"2025-03-24T19:48:50","slug":"heavy-duty-plastic-containers-totes-lids","status":"publish","type":"product","link":"https:\/\/www.plastic-crate.com\/es\/product\/heavy-duty-plastic-containers-totes-lids\/","title":{"rendered":"Contenedores de pl\u00e1stico resistentes con tapa"},"content":{"rendered":"<p>Presentamos nuestras cajas de pl\u00e1stico ecol\u00f3gicas para mudanzas: una alternativa superior a las cajas de cart\u00f3n tradicionales. Ofrecen durabilidad, comodidad y beneficios ecol\u00f3gicos para una mudanza fluida y sostenible. Dise\u00f1adas para soportar las exigencias de una mudanza, estas cajas ofrecen una soluci\u00f3n fiable tanto para mudanzas residenciales como comerciales.<\/p>\n<p><a href=\"https:\/\/www.plastic-crate.com\/es\/product-category\/plastic-moving-crates\/\" target=\"_blank\" rel=\"noopener\">cajas de mudanza de pl\u00e1stico<\/a>, <a href=\"https:\/\/www.plastic-crate.com\/es\/product\/stackable-storage-bins-open-front\/\">Contenedores de almacenamiento apilables con frente abierto<\/a><\/p>","protected":false},"excerpt":{"rendered":"<p>Compre una amplia selecci\u00f3n de contenedores de pl\u00e1stico resistentes con tapa en plastic-crate.com. Encuentre una variedad de contenedores, contenedores y cajas de almacenamiento de pl\u00e1stico resistentes para pedidos grandes y peque\u00f1os a precios bajos. Plastic-crate.com es un mayorista de productos de pl\u00e1stico con sede en China. Importe contenedores, cajas y contenedores de pl\u00e1stico directamente de fabricantes chinos y disfrute de precios bajos y alta calidad.<\/p>","protected":false},"featured_media":2015,"template":"","meta":{"_acf_changed":false},"product_cat":[8],"product_tag":[78],"class_list":{"0":"post-96","1":"product","2":"type-product","3":"status-publish","4":"has-post-thumbnail","6":"product_cat-plastic-moving-crates","7":"product_tag-attached-lid-containers","9":"first","10":"instock","11":"sale","12":"shipping-taxable","13":"purchasable","14":"product-type-simple"},"acf":[],"yoast_head":"<!-- This site is optimized with the Yoast SEO plugin v24.2 - https:\/\/yoast.com\/wordpress\/plugins\/seo\/ -->\n<title>wholesale heavy duty plastic storage totes, plastic containers with lids<\/title>\n<meta name=\"description\" content=\"Wholesale Heavy Duty Industrial Grade plastic containers with lids,plastic storage totes,Bins, Containers On Sale At plastic-crate.com\" \/>\n<meta name=\"robots\" content=\"index, follow, max-snippet:-1, max-image-preview:large, max-video-preview:-1\" \/>\n<link rel=\"canonical\" href=\"https:\/\/www.plastic-crate.com\/es\/product\/heavy-duty-plastic-containers-totes-lids\/\" \/>\n<meta property=\"og:locale\" content=\"es_ES\" \/>\n<meta property=\"og:type\" content=\"article\" \/>\n<meta property=\"og:title\" content=\"wholesale heavy duty plastic storage totes, plastic containers with lids\" \/>\n<meta property=\"og:description\" content=\"Wholesale Heavy Duty Industrial Grade plastic containers with lids,plastic storage totes,Bins, Containers On Sale At plastic-crate.com\" \/>\n<meta property=\"og:url\" content=\"https:\/\/www.plastic-crate.com\/es\/product\/heavy-duty-plastic-containers-totes-lids\/\" \/>\n<meta property=\"og:site_name\" content=\"Qusheng plastic\" \/>\n<meta property=\"article:modified_time\" content=\"2025-03-24T19:48:50+00:00\" \/>\n<meta property=\"og:image\" content=\"https:\/\/www.plastic-crate.com\/wp-content\/uploads\/2017\/01\/cheap-moving-boxes-1-a.jpg\" \/>\n\t<meta property=\"og:image:width\" content=\"700\" \/>\n\t<meta property=\"og:image:height\" content=\"700\" \/>\n\t<meta property=\"og:image:type\" content=\"image\/jpeg\" \/>\n<meta name=\"twitter:card\" content=\"summary_large_image\" \/>\n<meta name=\"twitter:label1\" content=\"Tiempo de lectura\" \/>\n\t<meta name=\"twitter:data1\" content=\"1 minuto\" \/>\n<script type=\"application\/ld+json\" class=\"yoast-schema-graph\">{\"@context\":\"https:\/\/schema.org\",\"@graph\":[{\"@type\":\"WebPage\",\"@id\":\"https:\/\/www.plastic-crate.com\/product\/heavy-duty-plastic-containers-totes-lids\/\",\"url\":\"https:\/\/www.plastic-crate.com\/product\/heavy-duty-plastic-containers-totes-lids\/\",\"name\":\"wholesale heavy duty plastic storage totes, plastic containers with lids\",\"isPartOf\":{\"@id\":\"https:\/\/www.plastic-crate.com\/#website\"},\"primaryImageOfPage\":{\"@id\":\"https:\/\/www.plastic-crate.com\/product\/heavy-duty-plastic-containers-totes-lids\/#primaryimage\"},\"image\":{\"@id\":\"https:\/\/www.plastic-crate.com\/product\/heavy-duty-plastic-containers-totes-lids\/#primaryimage\"},\"thumbnailUrl\":\"https:\/\/www.plastic-crate.com\/wp-content\/uploads\/2017\/01\/cheap-moving-boxes-1-a.jpg\",\"datePublished\":\"2017-01-16T13:49:31+00:00\",\"dateModified\":\"2025-03-24T19:48:50+00:00\",\"description\":\"Wholesale Heavy Duty Industrial Grade plastic containers with lids,plastic storage totes,Bins, Containers On Sale At plastic-crate.com\",\"breadcrumb\":{\"@id\":\"https:\/\/www.plastic-crate.com\/product\/heavy-duty-plastic-containers-totes-lids\/#breadcrumb\"},\"inLanguage\":\"es\",\"potentialAction\":[{\"@type\":\"ReadAction\",\"target\":[\"https:\/\/www.plastic-crate.com\/product\/heavy-duty-plastic-containers-totes-lids\/\"]}]},{\"@type\":\"ImageObject\",\"inLanguage\":\"es\",\"@id\":\"https:\/\/www.plastic-crate.com\/product\/heavy-duty-plastic-containers-totes-lids\/#primaryimage\",\"url\":\"https:\/\/www.plastic-crate.com\/wp-content\/uploads\/2017\/01\/cheap-moving-boxes-1-a.jpg\",\"contentUrl\":\"https:\/\/www.plastic-crate.com\/wp-content\/uploads\/2017\/01\/cheap-moving-boxes-1-a.jpg\",\"width\":700,\"height\":700,\"caption\":\"cheap moving boxes\"},{\"@type\":\"BreadcrumbList\",\"@id\":\"https:\/\/www.plastic-crate.com\/product\/heavy-duty-plastic-containers-totes-lids\/#breadcrumb\",\"itemListElement\":[{\"@type\":\"ListItem\",\"position\":1,\"name\":\"Home\",\"item\":\"https:\/\/www.plastic-crate.com\/\"},{\"@type\":\"ListItem\",\"position\":2,\"name\":\"Products\",\"item\":\"https:\/\/www.plastic-crate.com\/shop\/\"},{\"@type\":\"ListItem\",\"position\":3,\"name\":\"heavy duty plastic containers totes with lids\"}]},{\"@type\":\"WebSite\",\"@id\":\"https:\/\/www.plastic-crate.com\/#website\",\"url\":\"https:\/\/www.plastic-crate.com\/\",\"name\":\"Qusheng plastic\",\"description\":\"Leading plastic crates manufacturer in China\",\"potentialAction\":[{\"@type\":\"SearchAction\",\"target\":{\"@type\":\"EntryPoint\",\"urlTemplate\":\"https:\/\/www.plastic-crate.com\/?s={search_term_string}\"},\"query-input\":{\"@type\":\"PropertyValueSpecification\",\"valueRequired\":true,\"valueName\":\"search_term_string\"}}],\"inLanguage\":\"es\"}]}<\/script>\n<!-- \/ Yoast SEO plugin. -->","yoast_head_json":{"title":"wholesale heavy duty plastic storage totes, plastic containers with lids","description":"Wholesale Heavy Duty Industrial Grade plastic containers with lids,plastic storage totes,Bins, Containers On Sale At plastic-crate.com","robots":{"index":"index","follow":"follow","max-snippet":"max-snippet:-1","max-image-preview":"max-image-preview:large","max-video-preview":"max-video-preview:-1"},"canonical":"https:\/\/www.plastic-crate.com\/es\/product\/heavy-duty-plastic-containers-totes-lids\/","og_locale":"es_ES","og_type":"article","og_title":"wholesale heavy duty plastic storage totes, plastic containers with lids","og_description":"Wholesale Heavy Duty Industrial Grade plastic containers with lids,plastic storage totes,Bins, Containers On Sale At plastic-crate.com","og_url":"https:\/\/www.plastic-crate.com\/es\/product\/heavy-duty-plastic-containers-totes-lids\/","og_site_name":"Qusheng plastic","article_modified_time":"2025-03-24T19:48:50+00:00","og_image":[{"width":700,"height":700,"url":"https:\/\/www.plastic-crate.com\/wp-content\/uploads\/2017\/01\/cheap-moving-boxes-1-a.jpg","type":"image\/jpeg"}],"twitter_card":"summary_large_image","twitter_misc":{"Tiempo de lectura":"1 minuto"},"schema":{"@context":"https:\/\/schema.org","@graph":[{"@type":"WebPage","@id":"https:\/\/www.plastic-crate.com\/product\/heavy-duty-plastic-containers-totes-lids\/","url":"https:\/\/www.plastic-crate.com\/product\/heavy-duty-plastic-containers-totes-lids\/","name":"wholesale heavy duty plastic storage totes, plastic containers with lids","isPartOf":{"@id":"https:\/\/www.plastic-crate.com\/#website"},"primaryImageOfPage":{"@id":"https:\/\/www.plastic-crate.com\/product\/heavy-duty-plastic-containers-totes-lids\/#primaryimage"},"image":{"@id":"https:\/\/www.plastic-crate.com\/product\/heavy-duty-plastic-containers-totes-lids\/#primaryimage"},"thumbnailUrl":"https:\/\/www.plastic-crate.com\/wp-content\/uploads\/2017\/01\/cheap-moving-boxes-1-a.jpg","datePublished":"2017-01-16T13:49:31+00:00","dateModified":"2025-03-24T19:48:50+00:00","description":"Wholesale Heavy Duty Industrial Grade plastic containers with lids,plastic storage totes,Bins, Containers On Sale At plastic-crate.com","breadcrumb":{"@id":"https:\/\/www.plastic-crate.com\/product\/heavy-duty-plastic-containers-totes-lids\/#breadcrumb"},"inLanguage":"es","potentialAction":[{"@type":"ReadAction","target":["https:\/\/www.plastic-crate.com\/product\/heavy-duty-plastic-containers-totes-lids\/"]}]},{"@type":"ImageObject","inLanguage":"es","@id":"https:\/\/www.plastic-crate.com\/product\/heavy-duty-plastic-containers-totes-lids\/#primaryimage","url":"https:\/\/www.plastic-crate.com\/wp-content\/uploads\/2017\/01\/cheap-moving-boxes-1-a.jpg","contentUrl":"https:\/\/www.plastic-crate.com\/wp-content\/uploads\/2017\/01\/cheap-moving-boxes-1-a.jpg","width":700,"height":700,"caption":"cheap moving boxes"},{"@type":"BreadcrumbList","@id":"https:\/\/www.plastic-crate.com\/product\/heavy-duty-plastic-containers-totes-lids\/#breadcrumb","itemListElement":[{"@type":"ListItem","position":1,"name":"Home","item":"https:\/\/www.plastic-crate.com\/"},{"@type":"ListItem","position":2,"name":"Products","item":"https:\/\/www.plastic-crate.com\/shop\/"},{"@type":"ListItem","position":3,"name":"heavy duty plastic containers totes with lids"}]},{"@type":"WebSite","@id":"https:\/\/www.plastic-crate.com\/#website","url":"https:\/\/www.plastic-crate.com\/","name":"Qusheng plastic","description":"Leading plastic crates manufacturer in China","potentialAction":[{"@type":"SearchAction","target":{"@type":"EntryPoint","urlTemplate":"https:\/\/www.plastic-crate.com\/?s={search_term_string}"},"query-input":{"@type":"PropertyValueSpecification","valueRequired":true,"valueName":"search_term_string"}}],"inLanguage":"es"}]}},"_links":{"self":[{"href":"https:\/\/www.plastic-crate.com\/es\/wp-json\/wp\/v2\/product\/96","targetHints":{"allow":["GET"]}}],"collection":[{"href":"https:\/\/www.plastic-crate.com\/es\/wp-json\/wp\/v2\/product"}],"about":[{"href":"https:\/\/www.plastic-crate.com\/es\/wp-json\/wp\/v2\/types\/product"}],"wp:featuredmedia":[{"embeddable":true,"href":"https:\/\/www.plastic-crate.com\/es\/wp-json\/wp\/v2\/media\/2015"}],"wp:attachment":[{"href":"https:\/\/www.plastic-crate.com\/es\/wp-json\/wp\/v2\/media?parent=96"}],"wp:term":[{"taxonomy":"product_cat","embeddable":true,"href":"https:\/\/www.plastic-crate.com\/es\/wp-json\/wp\/v2\/product_cat?post=96"},{"taxonomy":"product_tag","embeddable":true,"href":"https:\/\/www.plastic-crate.com\/es\/wp-json\/wp\/v2\/product_tag?post=96"}],"curies":[{"name":"wp","href":"https:\/\/api.w.org\/{rel}","templated":true}]}}