{"id":93,"date":"2017-01-16T12:52:30","date_gmt":"2017-01-16T12:52:30","guid":{"rendered":"https:\/\/www.plastic-crate.com\/?post_type=product&#038;p=93"},"modified":"2022-03-31T02:55:12","modified_gmt":"2022-03-31T02:55:12","slug":"attached-lid-storage-containers","status":"publish","type":"product","link":"https:\/\/www.plastic-crate.com\/es\/product\/attached-lid-storage-containers\/","title":{"rendered":"contenedores de almacenamiento con tapa adjunta"},"content":{"rendered":"","protected":false},"excerpt":{"rendered":"<p>Compre una amplia selecci\u00f3n de contenedores de almacenamiento con tapa en plastic-crate.com. Encuentre una variedad de contenedores de distribuci\u00f3n, contenedores y cajas de almacenamiento con tapa para pedidos grandes y peque\u00f1os a precios bajos. Plastic-crate.com es un mayorista de productos de pl\u00e1stico con sede en China. Importe contenedores, cajas y contenedores de pl\u00e1stico directamente de fabricantes chinos y disfrute de precios bajos y alta calidad.<\/p>","protected":false},"featured_media":1971,"template":"","meta":{"_acf_changed":false},"product_cat":[8],"product_tag":[],"class_list":{"0":"post-93","1":"product","2":"type-product","3":"status-publish","4":"has-post-thumbnail","6":"product_cat-plastic-moving-crates","8":"first","9":"instock","10":"shipping-taxable","11":"product-type-simple"},"acf":[],"yoast_head":"<!-- This site is optimized with the Yoast SEO plugin v24.2 - https:\/\/yoast.com\/wordpress\/plugins\/seo\/ -->\n<title>Wholesale attached lid storage containers\/distribution containers<\/title>\n<meta name=\"description\" content=\"Wholesale attached lid storage containers,attached lid distribution containers, Bins and Storage Boxes to buy. Chinese Supplier, Low Prices\" \/>\n<meta name=\"robots\" content=\"index, follow, max-snippet:-1, max-image-preview:large, max-video-preview:-1\" \/>\n<link rel=\"canonical\" href=\"https:\/\/www.plastic-crate.com\/es\/product\/attached-lid-storage-containers\/\" \/>\n<meta property=\"og:locale\" content=\"es_ES\" \/>\n<meta property=\"og:type\" content=\"article\" \/>\n<meta property=\"og:title\" content=\"Wholesale attached lid storage containers\/distribution containers\" \/>\n<meta property=\"og:description\" content=\"Wholesale attached lid storage containers,attached lid distribution containers, Bins and Storage Boxes to buy. Chinese Supplier, Low Prices\" \/>\n<meta property=\"og:url\" content=\"https:\/\/www.plastic-crate.com\/es\/product\/attached-lid-storage-containers\/\" \/>\n<meta property=\"og:site_name\" content=\"Qusheng plastic\" \/>\n<meta property=\"article:modified_time\" content=\"2022-03-31T02:55:12+00:00\" \/>\n<meta property=\"og:image\" content=\"https:\/\/www.plastic-crate.com\/wp-content\/uploads\/2017\/01\/attached-lid-storage-containers-1.png\" \/>\n\t<meta property=\"og:image:width\" content=\"1000\" \/>\n\t<meta property=\"og:image:height\" content=\"1000\" \/>\n\t<meta property=\"og:image:type\" content=\"image\/png\" \/>\n<meta name=\"twitter:card\" content=\"summary_large_image\" \/>\n<script type=\"application\/ld+json\" class=\"yoast-schema-graph\">{\"@context\":\"https:\/\/schema.org\",\"@graph\":[{\"@type\":\"WebPage\",\"@id\":\"https:\/\/www.plastic-crate.com\/product\/attached-lid-storage-containers\/\",\"url\":\"https:\/\/www.plastic-crate.com\/product\/attached-lid-storage-containers\/\",\"name\":\"Wholesale attached lid storage containers\/distribution containers\",\"isPartOf\":{\"@id\":\"https:\/\/www.plastic-crate.com\/#website\"},\"primaryImageOfPage\":{\"@id\":\"https:\/\/www.plastic-crate.com\/product\/attached-lid-storage-containers\/#primaryimage\"},\"image\":{\"@id\":\"https:\/\/www.plastic-crate.com\/product\/attached-lid-storage-containers\/#primaryimage\"},\"thumbnailUrl\":\"https:\/\/www.plastic-crate.com\/wp-content\/uploads\/2017\/01\/attached-lid-storage-containers-1.png\",\"datePublished\":\"2017-01-16T12:52:30+00:00\",\"dateModified\":\"2022-03-31T02:55:12+00:00\",\"description\":\"Wholesale attached lid storage containers,attached lid distribution containers, Bins and Storage Boxes to buy. Chinese Supplier, Low Prices\",\"breadcrumb\":{\"@id\":\"https:\/\/www.plastic-crate.com\/product\/attached-lid-storage-containers\/#breadcrumb\"},\"inLanguage\":\"es\",\"potentialAction\":[{\"@type\":\"ReadAction\",\"target\":[\"https:\/\/www.plastic-crate.com\/product\/attached-lid-storage-containers\/\"]}]},{\"@type\":\"ImageObject\",\"inLanguage\":\"es\",\"@id\":\"https:\/\/www.plastic-crate.com\/product\/attached-lid-storage-containers\/#primaryimage\",\"url\":\"https:\/\/www.plastic-crate.com\/wp-content\/uploads\/2017\/01\/attached-lid-storage-containers-1.png\",\"contentUrl\":\"https:\/\/www.plastic-crate.com\/wp-content\/uploads\/2017\/01\/attached-lid-storage-containers-1.png\",\"width\":1000,\"height\":1000,\"caption\":\"attached lid storage containers\"},{\"@type\":\"BreadcrumbList\",\"@id\":\"https:\/\/www.plastic-crate.com\/product\/attached-lid-storage-containers\/#breadcrumb\",\"itemListElement\":[{\"@type\":\"ListItem\",\"position\":1,\"name\":\"Home\",\"item\":\"https:\/\/www.plastic-crate.com\/\"},{\"@type\":\"ListItem\",\"position\":2,\"name\":\"Products\",\"item\":\"https:\/\/www.plastic-crate.com\/shop\/\"},{\"@type\":\"ListItem\",\"position\":3,\"name\":\"attached lid storage containers\"}]},{\"@type\":\"WebSite\",\"@id\":\"https:\/\/www.plastic-crate.com\/#website\",\"url\":\"https:\/\/www.plastic-crate.com\/\",\"name\":\"Qusheng plastic\",\"description\":\"Leading plastic crates manufacturer in China\",\"potentialAction\":[{\"@type\":\"SearchAction\",\"target\":{\"@type\":\"EntryPoint\",\"urlTemplate\":\"https:\/\/www.plastic-crate.com\/?s={search_term_string}\"},\"query-input\":{\"@type\":\"PropertyValueSpecification\",\"valueRequired\":true,\"valueName\":\"search_term_string\"}}],\"inLanguage\":\"es\"}]}<\/script>\n<!-- \/ Yoast SEO plugin. -->","yoast_head_json":{"title":"Wholesale attached lid storage containers\/distribution containers","description":"Wholesale attached lid storage containers,attached lid distribution containers, Bins and Storage Boxes to buy. Chinese Supplier, Low Prices","robots":{"index":"index","follow":"follow","max-snippet":"max-snippet:-1","max-image-preview":"max-image-preview:large","max-video-preview":"max-video-preview:-1"},"canonical":"https:\/\/www.plastic-crate.com\/es\/product\/attached-lid-storage-containers\/","og_locale":"es_ES","og_type":"article","og_title":"Wholesale attached lid storage containers\/distribution containers","og_description":"Wholesale attached lid storage containers,attached lid distribution containers, Bins and Storage Boxes to buy. Chinese Supplier, Low Prices","og_url":"https:\/\/www.plastic-crate.com\/es\/product\/attached-lid-storage-containers\/","og_site_name":"Qusheng plastic","article_modified_time":"2022-03-31T02:55:12+00:00","og_image":[{"width":1000,"height":1000,"url":"https:\/\/www.plastic-crate.com\/wp-content\/uploads\/2017\/01\/attached-lid-storage-containers-1.png","type":"image\/png"}],"twitter_card":"summary_large_image","schema":{"@context":"https:\/\/schema.org","@graph":[{"@type":"WebPage","@id":"https:\/\/www.plastic-crate.com\/product\/attached-lid-storage-containers\/","url":"https:\/\/www.plastic-crate.com\/product\/attached-lid-storage-containers\/","name":"Wholesale attached lid storage containers\/distribution containers","isPartOf":{"@id":"https:\/\/www.plastic-crate.com\/#website"},"primaryImageOfPage":{"@id":"https:\/\/www.plastic-crate.com\/product\/attached-lid-storage-containers\/#primaryimage"},"image":{"@id":"https:\/\/www.plastic-crate.com\/product\/attached-lid-storage-containers\/#primaryimage"},"thumbnailUrl":"https:\/\/www.plastic-crate.com\/wp-content\/uploads\/2017\/01\/attached-lid-storage-containers-1.png","datePublished":"2017-01-16T12:52:30+00:00","dateModified":"2022-03-31T02:55:12+00:00","description":"Wholesale attached lid storage containers,attached lid distribution containers, Bins and Storage Boxes to buy. Chinese Supplier, Low Prices","breadcrumb":{"@id":"https:\/\/www.plastic-crate.com\/product\/attached-lid-storage-containers\/#breadcrumb"},"inLanguage":"es","potentialAction":[{"@type":"ReadAction","target":["https:\/\/www.plastic-crate.com\/product\/attached-lid-storage-containers\/"]}]},{"@type":"ImageObject","inLanguage":"es","@id":"https:\/\/www.plastic-crate.com\/product\/attached-lid-storage-containers\/#primaryimage","url":"https:\/\/www.plastic-crate.com\/wp-content\/uploads\/2017\/01\/attached-lid-storage-containers-1.png","contentUrl":"https:\/\/www.plastic-crate.com\/wp-content\/uploads\/2017\/01\/attached-lid-storage-containers-1.png","width":1000,"height":1000,"caption":"attached lid storage containers"},{"@type":"BreadcrumbList","@id":"https:\/\/www.plastic-crate.com\/product\/attached-lid-storage-containers\/#breadcrumb","itemListElement":[{"@type":"ListItem","position":1,"name":"Home","item":"https:\/\/www.plastic-crate.com\/"},{"@type":"ListItem","position":2,"name":"Products","item":"https:\/\/www.plastic-crate.com\/shop\/"},{"@type":"ListItem","position":3,"name":"attached lid storage containers"}]},{"@type":"WebSite","@id":"https:\/\/www.plastic-crate.com\/#website","url":"https:\/\/www.plastic-crate.com\/","name":"Qusheng plastic","description":"Leading plastic crates manufacturer in China","potentialAction":[{"@type":"SearchAction","target":{"@type":"EntryPoint","urlTemplate":"https:\/\/www.plastic-crate.com\/?s={search_term_string}"},"query-input":{"@type":"PropertyValueSpecification","valueRequired":true,"valueName":"search_term_string"}}],"inLanguage":"es"}]}},"_links":{"self":[{"href":"https:\/\/www.plastic-crate.com\/es\/wp-json\/wp\/v2\/product\/93","targetHints":{"allow":["GET"]}}],"collection":[{"href":"https:\/\/www.plastic-crate.com\/es\/wp-json\/wp\/v2\/product"}],"about":[{"href":"https:\/\/www.plastic-crate.com\/es\/wp-json\/wp\/v2\/types\/product"}],"wp:featuredmedia":[{"embeddable":true,"href":"https:\/\/www.plastic-crate.com\/es\/wp-json\/wp\/v2\/media\/1971"}],"wp:attachment":[{"href":"https:\/\/www.plastic-crate.com\/es\/wp-json\/wp\/v2\/media?parent=93"}],"wp:term":[{"taxonomy":"product_cat","embeddable":true,"href":"https:\/\/www.plastic-crate.com\/es\/wp-json\/wp\/v2\/product_cat?post=93"},{"taxonomy":"product_tag","embeddable":true,"href":"https:\/\/www.plastic-crate.com\/es\/wp-json\/wp\/v2\/product_tag?post=93"}],"curies":[{"name":"wp","href":"https:\/\/api.w.org\/{rel}","templated":true}]}}