{"id":86,"date":"2017-01-07T10:20:58","date_gmt":"2017-01-07T10:20:58","guid":{"rendered":"https:\/\/www.plastic-crate.com\/?post_type=product&#038;p=86"},"modified":"2017-07-28T03:52:21","modified_gmt":"2017-07-28T03:52:21","slug":"plastic-stackable-shelf-bins-storage","status":"publish","type":"product","link":"https:\/\/www.plastic-crate.com\/es\/product\/plastic-stackable-shelf-bins-storage\/","title":{"rendered":"Contenedores de pl\u00e1stico apilables para almacenamiento"},"content":{"rendered":"","protected":false},"excerpt":{"rendered":"<p>Importar <strong>contenedores de pl\u00e1stico apilables para estantes<\/strong> Directamente del fabricante chino, disfrute del precio bajo y la alta calidad.<\/p>\n<p>Nuestro <strong>Bandeja de repuestos<\/strong> Es una soluci\u00f3n de almacenamiento vers\u00e1til. Cuenta con divisores de pl\u00e1stico que permiten organizar y almacenar cualquier cosa, desde clavos, pernos, tuercas hasta piezas de herramientas. Las bandejas para repuestos se pueden usar de forma independiente o dentro de estanter\u00edas existentes. Cuentan con divisores extra\u00edbles para adaptarse a sus necesidades de almacenamiento.<\/p>\n<p>&nbsp;<\/p>","protected":false},"featured_media":85,"template":"","meta":{"_acf_changed":false},"product_cat":[18],"product_tag":[19],"class_list":{"0":"post-86","1":"product","2":"type-product","3":"status-publish","4":"has-post-thumbnail","6":"product_cat-plastic-parts-bins","7":"product_tag-plastic-shelving-bins","9":"first","10":"instock","11":"shipping-taxable","12":"product-type-simple"},"acf":[],"yoast_head":"<!-- This site is optimized with the Yoast SEO plugin v24.2 - https:\/\/yoast.com\/wordpress\/plugins\/seo\/ -->\n<title>Wholesale stackable shelf bins,plastic shelf bins for storage<\/title>\n<meta name=\"robots\" content=\"index, follow, max-snippet:-1, max-image-preview:large, max-video-preview:-1\" \/>\n<link rel=\"canonical\" href=\"https:\/\/www.plastic-crate.com\/es\/product\/plastic-stackable-shelf-bins-storage\/\" \/>\n<meta property=\"og:locale\" content=\"es_ES\" \/>\n<meta property=\"og:type\" content=\"article\" \/>\n<meta property=\"og:title\" content=\"Wholesale stackable shelf bins,plastic shelf bins for storage\" \/>\n<meta property=\"og:description\" content=\"Import plastic stackable shelf bins directly from Chinese manufacturer,enjoy the low price and high quality.  Our Spare Parts Tray is a versatile storage solution. It features plastic dividers that can be used to organise and store anything from nails, bolts, nuts or tool parts. The Spare Parts Trays can be used on their own or inside\u00a0racking you already have. It has removable dividers to suit your storage needs.  &nbsp;\" \/>\n<meta property=\"og:url\" content=\"https:\/\/www.plastic-crate.com\/es\/product\/plastic-stackable-shelf-bins-storage\/\" \/>\n<meta property=\"og:site_name\" content=\"Qusheng plastic\" \/>\n<meta property=\"article:modified_time\" content=\"2017-07-28T03:52:21+00:00\" \/>\n<meta property=\"og:image\" content=\"https:\/\/www.plastic-crate.com\/wp-content\/uploads\/2017\/01\/plastic-parts-bins.png\" \/>\n\t<meta property=\"og:image:width\" content=\"360\" \/>\n\t<meta property=\"og:image:height\" content=\"270\" \/>\n\t<meta property=\"og:image:type\" content=\"image\/png\" \/>\n<meta name=\"twitter:card\" content=\"summary_large_image\" \/>\n<script type=\"application\/ld+json\" class=\"yoast-schema-graph\">{\"@context\":\"https:\/\/schema.org\",\"@graph\":[{\"@type\":\"WebPage\",\"@id\":\"https:\/\/www.plastic-crate.com\/product\/plastic-stackable-shelf-bins-storage\/\",\"url\":\"https:\/\/www.plastic-crate.com\/product\/plastic-stackable-shelf-bins-storage\/\",\"name\":\"Wholesale stackable shelf bins,plastic shelf bins for storage\",\"isPartOf\":{\"@id\":\"https:\/\/www.plastic-crate.com\/#website\"},\"primaryImageOfPage\":{\"@id\":\"https:\/\/www.plastic-crate.com\/product\/plastic-stackable-shelf-bins-storage\/#primaryimage\"},\"image\":{\"@id\":\"https:\/\/www.plastic-crate.com\/product\/plastic-stackable-shelf-bins-storage\/#primaryimage\"},\"thumbnailUrl\":\"https:\/\/www.plastic-crate.com\/wp-content\/uploads\/2017\/01\/plastic-parts-bins.png\",\"datePublished\":\"2017-01-07T10:20:58+00:00\",\"dateModified\":\"2017-07-28T03:52:21+00:00\",\"breadcrumb\":{\"@id\":\"https:\/\/www.plastic-crate.com\/product\/plastic-stackable-shelf-bins-storage\/#breadcrumb\"},\"inLanguage\":\"es\",\"potentialAction\":[{\"@type\":\"ReadAction\",\"target\":[\"https:\/\/www.plastic-crate.com\/product\/plastic-stackable-shelf-bins-storage\/\"]}]},{\"@type\":\"ImageObject\",\"inLanguage\":\"es\",\"@id\":\"https:\/\/www.plastic-crate.com\/product\/plastic-stackable-shelf-bins-storage\/#primaryimage\",\"url\":\"https:\/\/www.plastic-crate.com\/wp-content\/uploads\/2017\/01\/plastic-parts-bins.png\",\"contentUrl\":\"https:\/\/www.plastic-crate.com\/wp-content\/uploads\/2017\/01\/plastic-parts-bins.png\",\"width\":360,\"height\":270,\"caption\":\"plastic parts bins\"},{\"@type\":\"BreadcrumbList\",\"@id\":\"https:\/\/www.plastic-crate.com\/product\/plastic-stackable-shelf-bins-storage\/#breadcrumb\",\"itemListElement\":[{\"@type\":\"ListItem\",\"position\":1,\"name\":\"Home\",\"item\":\"https:\/\/www.plastic-crate.com\/\"},{\"@type\":\"ListItem\",\"position\":2,\"name\":\"Products\",\"item\":\"https:\/\/www.plastic-crate.com\/shop\/\"},{\"@type\":\"ListItem\",\"position\":3,\"name\":\"plastic stackable shelf bins for storage\"}]},{\"@type\":\"WebSite\",\"@id\":\"https:\/\/www.plastic-crate.com\/#website\",\"url\":\"https:\/\/www.plastic-crate.com\/\",\"name\":\"Qusheng plastic\",\"description\":\"Leading plastic crates manufacturer in China\",\"potentialAction\":[{\"@type\":\"SearchAction\",\"target\":{\"@type\":\"EntryPoint\",\"urlTemplate\":\"https:\/\/www.plastic-crate.com\/?s={search_term_string}\"},\"query-input\":{\"@type\":\"PropertyValueSpecification\",\"valueRequired\":true,\"valueName\":\"search_term_string\"}}],\"inLanguage\":\"es\"}]}<\/script>\n<!-- \/ Yoast SEO plugin. -->","yoast_head_json":{"title":"Wholesale stackable shelf bins,plastic shelf bins for storage","robots":{"index":"index","follow":"follow","max-snippet":"max-snippet:-1","max-image-preview":"max-image-preview:large","max-video-preview":"max-video-preview:-1"},"canonical":"https:\/\/www.plastic-crate.com\/es\/product\/plastic-stackable-shelf-bins-storage\/","og_locale":"es_ES","og_type":"article","og_title":"Wholesale stackable shelf bins,plastic shelf bins for storage","og_description":"Import plastic stackable shelf bins directly from Chinese manufacturer,enjoy the low price and high quality.  Our Spare Parts Tray is a versatile storage solution. It features plastic dividers that can be used to organise and store anything from nails, bolts, nuts or tool parts. The Spare Parts Trays can be used on their own or inside\u00a0racking you already have. It has removable dividers to suit your storage needs.  &nbsp;","og_url":"https:\/\/www.plastic-crate.com\/es\/product\/plastic-stackable-shelf-bins-storage\/","og_site_name":"Qusheng plastic","article_modified_time":"2017-07-28T03:52:21+00:00","og_image":[{"width":360,"height":270,"url":"https:\/\/www.plastic-crate.com\/wp-content\/uploads\/2017\/01\/plastic-parts-bins.png","type":"image\/png"}],"twitter_card":"summary_large_image","schema":{"@context":"https:\/\/schema.org","@graph":[{"@type":"WebPage","@id":"https:\/\/www.plastic-crate.com\/product\/plastic-stackable-shelf-bins-storage\/","url":"https:\/\/www.plastic-crate.com\/product\/plastic-stackable-shelf-bins-storage\/","name":"Wholesale stackable shelf bins,plastic shelf bins for storage","isPartOf":{"@id":"https:\/\/www.plastic-crate.com\/#website"},"primaryImageOfPage":{"@id":"https:\/\/www.plastic-crate.com\/product\/plastic-stackable-shelf-bins-storage\/#primaryimage"},"image":{"@id":"https:\/\/www.plastic-crate.com\/product\/plastic-stackable-shelf-bins-storage\/#primaryimage"},"thumbnailUrl":"https:\/\/www.plastic-crate.com\/wp-content\/uploads\/2017\/01\/plastic-parts-bins.png","datePublished":"2017-01-07T10:20:58+00:00","dateModified":"2017-07-28T03:52:21+00:00","breadcrumb":{"@id":"https:\/\/www.plastic-crate.com\/product\/plastic-stackable-shelf-bins-storage\/#breadcrumb"},"inLanguage":"es","potentialAction":[{"@type":"ReadAction","target":["https:\/\/www.plastic-crate.com\/product\/plastic-stackable-shelf-bins-storage\/"]}]},{"@type":"ImageObject","inLanguage":"es","@id":"https:\/\/www.plastic-crate.com\/product\/plastic-stackable-shelf-bins-storage\/#primaryimage","url":"https:\/\/www.plastic-crate.com\/wp-content\/uploads\/2017\/01\/plastic-parts-bins.png","contentUrl":"https:\/\/www.plastic-crate.com\/wp-content\/uploads\/2017\/01\/plastic-parts-bins.png","width":360,"height":270,"caption":"plastic parts bins"},{"@type":"BreadcrumbList","@id":"https:\/\/www.plastic-crate.com\/product\/plastic-stackable-shelf-bins-storage\/#breadcrumb","itemListElement":[{"@type":"ListItem","position":1,"name":"Home","item":"https:\/\/www.plastic-crate.com\/"},{"@type":"ListItem","position":2,"name":"Products","item":"https:\/\/www.plastic-crate.com\/shop\/"},{"@type":"ListItem","position":3,"name":"plastic stackable shelf bins for storage"}]},{"@type":"WebSite","@id":"https:\/\/www.plastic-crate.com\/#website","url":"https:\/\/www.plastic-crate.com\/","name":"Qusheng plastic","description":"Leading plastic crates manufacturer in China","potentialAction":[{"@type":"SearchAction","target":{"@type":"EntryPoint","urlTemplate":"https:\/\/www.plastic-crate.com\/?s={search_term_string}"},"query-input":{"@type":"PropertyValueSpecification","valueRequired":true,"valueName":"search_term_string"}}],"inLanguage":"es"}]}},"_links":{"self":[{"href":"https:\/\/www.plastic-crate.com\/es\/wp-json\/wp\/v2\/product\/86","targetHints":{"allow":["GET"]}}],"collection":[{"href":"https:\/\/www.plastic-crate.com\/es\/wp-json\/wp\/v2\/product"}],"about":[{"href":"https:\/\/www.plastic-crate.com\/es\/wp-json\/wp\/v2\/types\/product"}],"wp:featuredmedia":[{"embeddable":true,"href":"https:\/\/www.plastic-crate.com\/es\/wp-json\/wp\/v2\/media\/85"}],"wp:attachment":[{"href":"https:\/\/www.plastic-crate.com\/es\/wp-json\/wp\/v2\/media?parent=86"}],"wp:term":[{"taxonomy":"product_cat","embeddable":true,"href":"https:\/\/www.plastic-crate.com\/es\/wp-json\/wp\/v2\/product_cat?post=86"},{"taxonomy":"product_tag","embeddable":true,"href":"https:\/\/www.plastic-crate.com\/es\/wp-json\/wp\/v2\/product_tag?post=86"}],"curies":[{"name":"wp","href":"https:\/\/api.w.org\/{rel}","templated":true}]}}