{"id":41,"date":"2016-12-27T15:41:19","date_gmt":"2016-12-27T15:41:19","guid":{"rendered":"https:\/\/www.plastic-crate.com\/?post_type=product&#038;p=41"},"modified":"2017-07-26T05:42:14","modified_gmt":"2017-07-26T05:42:14","slug":"euro-stacking-boxes","status":"publish","type":"product","link":"https:\/\/www.plastic-crate.com\/es\/product\/euro-stacking-boxes\/","title":{"rendered":"cajas apilables de euros"},"content":{"rendered":"","protected":false},"excerpt":{"rendered":"<p>Nosotros proporcionamos <strong>cajas apilables de euros<\/strong> Contenedores con y sin tapa. Contenedores de pl\u00e1stico resistentes y duraderos que se apilan de forma segura. Las esquinas reforzadas de los Contenedores Apilables Europeos de Pl\u00e1stico los convierten en la opci\u00f3n ideal para transportar cargas pesadas. Sus bordes anchos y asas ergon\u00f3micas facilitan su manejo. Si la integridad estructural y la seguridad son sus principales preocupaciones, estas cajas son la opci\u00f3n ideal.<\/p>\n<p>&nbsp;<\/p>","protected":false},"featured_media":223,"template":"","meta":{"_acf_changed":false},"product_cat":[15],"product_tag":[],"class_list":{"0":"post-41","1":"product","2":"type-product","3":"status-publish","4":"has-post-thumbnail","6":"product_cat-stackable-storage-bins","8":"first","9":"instock","10":"shipping-taxable","11":"product-type-simple"},"acf":[],"yoast_head":"<!-- This site is optimized with the Yoast SEO plugin v24.2 - https:\/\/yoast.com\/wordpress\/plugins\/seo\/ -->\n<title>euro stacking boxes - Qusheng plastic<\/title>\n<meta name=\"robots\" content=\"index, follow, max-snippet:-1, max-image-preview:large, max-video-preview:-1\" \/>\n<link rel=\"canonical\" href=\"https:\/\/www.plastic-crate.com\/es\/product\/euro-stacking-boxes\/\" \/>\n<meta property=\"og:locale\" content=\"es_ES\" \/>\n<meta property=\"og:type\" content=\"article\" \/>\n<meta property=\"og:title\" content=\"euro stacking boxes - Qusheng plastic\" \/>\n<meta property=\"og:description\" content=\"We provide euro stacking boxes and containers\u00a0 with and without lids. Strong, heavy duty plastic containers which can be securely stacked.The reinforced corners of the Plastic Euro Stacking Containers make them an ideal choice for transporting heavy loads. Wide rims and ergonomic hand grips mean that they can be handled with ease. If structural integrity and security are your main concerns, these boxes are the ideal choice.  &nbsp;\" \/>\n<meta property=\"og:url\" content=\"https:\/\/www.plastic-crate.com\/es\/product\/euro-stacking-boxes\/\" \/>\n<meta property=\"og:site_name\" content=\"Qusheng plastic\" \/>\n<meta property=\"article:modified_time\" content=\"2017-07-26T05:42:14+00:00\" \/>\n<meta property=\"og:image\" content=\"https:\/\/www.plastic-crate.com\/wp-content\/uploads\/2016\/12\/euro_stacking_boxes_euc_a.jpg\" \/>\n\t<meta property=\"og:image:width\" content=\"560\" \/>\n\t<meta property=\"og:image:height\" content=\"504\" \/>\n\t<meta property=\"og:image:type\" content=\"image\/jpeg\" \/>\n<meta name=\"twitter:card\" content=\"summary_large_image\" \/>\n<script type=\"application\/ld+json\" class=\"yoast-schema-graph\">{\"@context\":\"https:\/\/schema.org\",\"@graph\":[{\"@type\":\"WebPage\",\"@id\":\"https:\/\/www.plastic-crate.com\/product\/euro-stacking-boxes\/\",\"url\":\"https:\/\/www.plastic-crate.com\/product\/euro-stacking-boxes\/\",\"name\":\"euro stacking boxes - Qusheng plastic\",\"isPartOf\":{\"@id\":\"https:\/\/www.plastic-crate.com\/#website\"},\"primaryImageOfPage\":{\"@id\":\"https:\/\/www.plastic-crate.com\/product\/euro-stacking-boxes\/#primaryimage\"},\"image\":{\"@id\":\"https:\/\/www.plastic-crate.com\/product\/euro-stacking-boxes\/#primaryimage\"},\"thumbnailUrl\":\"https:\/\/www.plastic-crate.com\/wp-content\/uploads\/2016\/12\/euro_stacking_boxes_euc_a.jpg\",\"datePublished\":\"2016-12-27T15:41:19+00:00\",\"dateModified\":\"2017-07-26T05:42:14+00:00\",\"breadcrumb\":{\"@id\":\"https:\/\/www.plastic-crate.com\/product\/euro-stacking-boxes\/#breadcrumb\"},\"inLanguage\":\"es\",\"potentialAction\":[{\"@type\":\"ReadAction\",\"target\":[\"https:\/\/www.plastic-crate.com\/product\/euro-stacking-boxes\/\"]}]},{\"@type\":\"ImageObject\",\"inLanguage\":\"es\",\"@id\":\"https:\/\/www.plastic-crate.com\/product\/euro-stacking-boxes\/#primaryimage\",\"url\":\"https:\/\/www.plastic-crate.com\/wp-content\/uploads\/2016\/12\/euro_stacking_boxes_euc_a.jpg\",\"contentUrl\":\"https:\/\/www.plastic-crate.com\/wp-content\/uploads\/2016\/12\/euro_stacking_boxes_euc_a.jpg\",\"width\":560,\"height\":504,\"caption\":\"euro stacking boxes\"},{\"@type\":\"BreadcrumbList\",\"@id\":\"https:\/\/www.plastic-crate.com\/product\/euro-stacking-boxes\/#breadcrumb\",\"itemListElement\":[{\"@type\":\"ListItem\",\"position\":1,\"name\":\"Home\",\"item\":\"https:\/\/www.plastic-crate.com\/\"},{\"@type\":\"ListItem\",\"position\":2,\"name\":\"Products\",\"item\":\"https:\/\/www.plastic-crate.com\/shop\/\"},{\"@type\":\"ListItem\",\"position\":3,\"name\":\"euro stacking boxes\"}]},{\"@type\":\"WebSite\",\"@id\":\"https:\/\/www.plastic-crate.com\/#website\",\"url\":\"https:\/\/www.plastic-crate.com\/\",\"name\":\"Qusheng plastic\",\"description\":\"Leading plastic crates manufacturer in China\",\"potentialAction\":[{\"@type\":\"SearchAction\",\"target\":{\"@type\":\"EntryPoint\",\"urlTemplate\":\"https:\/\/www.plastic-crate.com\/?s={search_term_string}\"},\"query-input\":{\"@type\":\"PropertyValueSpecification\",\"valueRequired\":true,\"valueName\":\"search_term_string\"}}],\"inLanguage\":\"es\"}]}<\/script>\n<!-- \/ Yoast SEO plugin. -->","yoast_head_json":{"title":"euro stacking boxes - Qusheng plastic","robots":{"index":"index","follow":"follow","max-snippet":"max-snippet:-1","max-image-preview":"max-image-preview:large","max-video-preview":"max-video-preview:-1"},"canonical":"https:\/\/www.plastic-crate.com\/es\/product\/euro-stacking-boxes\/","og_locale":"es_ES","og_type":"article","og_title":"euro stacking boxes - Qusheng plastic","og_description":"We provide euro stacking boxes and containers\u00a0 with and without lids. Strong, heavy duty plastic containers which can be securely stacked.The reinforced corners of the Plastic Euro Stacking Containers make them an ideal choice for transporting heavy loads. Wide rims and ergonomic hand grips mean that they can be handled with ease. If structural integrity and security are your main concerns, these boxes are the ideal choice.  &nbsp;","og_url":"https:\/\/www.plastic-crate.com\/es\/product\/euro-stacking-boxes\/","og_site_name":"Qusheng plastic","article_modified_time":"2017-07-26T05:42:14+00:00","og_image":[{"width":560,"height":504,"url":"https:\/\/www.plastic-crate.com\/wp-content\/uploads\/2016\/12\/euro_stacking_boxes_euc_a.jpg","type":"image\/jpeg"}],"twitter_card":"summary_large_image","schema":{"@context":"https:\/\/schema.org","@graph":[{"@type":"WebPage","@id":"https:\/\/www.plastic-crate.com\/product\/euro-stacking-boxes\/","url":"https:\/\/www.plastic-crate.com\/product\/euro-stacking-boxes\/","name":"euro stacking boxes - Qusheng plastic","isPartOf":{"@id":"https:\/\/www.plastic-crate.com\/#website"},"primaryImageOfPage":{"@id":"https:\/\/www.plastic-crate.com\/product\/euro-stacking-boxes\/#primaryimage"},"image":{"@id":"https:\/\/www.plastic-crate.com\/product\/euro-stacking-boxes\/#primaryimage"},"thumbnailUrl":"https:\/\/www.plastic-crate.com\/wp-content\/uploads\/2016\/12\/euro_stacking_boxes_euc_a.jpg","datePublished":"2016-12-27T15:41:19+00:00","dateModified":"2017-07-26T05:42:14+00:00","breadcrumb":{"@id":"https:\/\/www.plastic-crate.com\/product\/euro-stacking-boxes\/#breadcrumb"},"inLanguage":"es","potentialAction":[{"@type":"ReadAction","target":["https:\/\/www.plastic-crate.com\/product\/euro-stacking-boxes\/"]}]},{"@type":"ImageObject","inLanguage":"es","@id":"https:\/\/www.plastic-crate.com\/product\/euro-stacking-boxes\/#primaryimage","url":"https:\/\/www.plastic-crate.com\/wp-content\/uploads\/2016\/12\/euro_stacking_boxes_euc_a.jpg","contentUrl":"https:\/\/www.plastic-crate.com\/wp-content\/uploads\/2016\/12\/euro_stacking_boxes_euc_a.jpg","width":560,"height":504,"caption":"euro stacking boxes"},{"@type":"BreadcrumbList","@id":"https:\/\/www.plastic-crate.com\/product\/euro-stacking-boxes\/#breadcrumb","itemListElement":[{"@type":"ListItem","position":1,"name":"Home","item":"https:\/\/www.plastic-crate.com\/"},{"@type":"ListItem","position":2,"name":"Products","item":"https:\/\/www.plastic-crate.com\/shop\/"},{"@type":"ListItem","position":3,"name":"euro stacking boxes"}]},{"@type":"WebSite","@id":"https:\/\/www.plastic-crate.com\/#website","url":"https:\/\/www.plastic-crate.com\/","name":"Qusheng plastic","description":"Leading plastic crates manufacturer in China","potentialAction":[{"@type":"SearchAction","target":{"@type":"EntryPoint","urlTemplate":"https:\/\/www.plastic-crate.com\/?s={search_term_string}"},"query-input":{"@type":"PropertyValueSpecification","valueRequired":true,"valueName":"search_term_string"}}],"inLanguage":"es"}]}},"_links":{"self":[{"href":"https:\/\/www.plastic-crate.com\/es\/wp-json\/wp\/v2\/product\/41","targetHints":{"allow":["GET"]}}],"collection":[{"href":"https:\/\/www.plastic-crate.com\/es\/wp-json\/wp\/v2\/product"}],"about":[{"href":"https:\/\/www.plastic-crate.com\/es\/wp-json\/wp\/v2\/types\/product"}],"wp:featuredmedia":[{"embeddable":true,"href":"https:\/\/www.plastic-crate.com\/es\/wp-json\/wp\/v2\/media\/223"}],"wp:attachment":[{"href":"https:\/\/www.plastic-crate.com\/es\/wp-json\/wp\/v2\/media?parent=41"}],"wp:term":[{"taxonomy":"product_cat","embeddable":true,"href":"https:\/\/www.plastic-crate.com\/es\/wp-json\/wp\/v2\/product_cat?post=41"},{"taxonomy":"product_tag","embeddable":true,"href":"https:\/\/www.plastic-crate.com\/es\/wp-json\/wp\/v2\/product_tag?post=41"}],"curies":[{"name":"wp","href":"https:\/\/api.w.org\/{rel}","templated":true}]}}