{"id":258,"date":"2017-07-29T01:24:56","date_gmt":"2017-07-29T01:24:56","guid":{"rendered":"http:\/\/www.plastic-crate.com\/?post_type=product&#038;p=258"},"modified":"2025-03-24T20:00:58","modified_gmt":"2025-03-24T20:00:58","slug":"plastic-moving-crates-sale-plastic-moving-boxes-sale","status":"publish","type":"product","link":"https:\/\/www.plastic-crate.com\/es\/product\/plastic-moving-crates-sale-plastic-moving-boxes-sale\/","title":{"rendered":"Venta de cajas de mudanza de pl\u00e1stico, cajas de mudanza de pl\u00e1stico"},"content":{"rendered":"<p><strong>Cajas de mudanza de pl\u00e1stico resistentes con plataforma rodante<\/strong> \u2013 Apilable y seguro<\/p>\n<p>Estos <strong>cajas de mudanza de pl\u00e1stico de alta resistencia<\/strong> Ofrecen una alternativa duradera, reutilizable y ecol\u00f3gica a las cajas de cart\u00f3n tradicionales. Dise\u00f1adas con tapas fijas y paredes reforzadas, ofrecen una protecci\u00f3n superior para objetos de valor durante el transporte, lo que las hace ideales para mudanzas de viviendas, oficinas y almacenamiento industrial. Combinadas con una robusta plataforma rodante, estas cajas garantizan una movilidad sin esfuerzo para cargas pesadas.<\/p>\n<div style=\"width: 856px;\" class=\"wp-video\"><!--[if lt IE 9]><script>document.createElement('video');<\/script><![endif]-->\n<video class=\"wp-video-shortcode\" id=\"video-258-1\" width=\"856\" height=\"480\" preload=\"metadata\" controls=\"controls\"><source type=\"video\/mp4\" src=\"https:\/\/www.plastic-crate.com\/wp-content\/uploads\/2017\/07\/Plastic-Moving-Crates-For-Sale.mp4?_=1\" \/><a href=\"https:\/\/www.plastic-crate.com\/wp-content\/uploads\/2017\/07\/Plastic-Moving-Crates-For-Sale.mp4\">https:\/\/www.plastic-crate.com\/wp-content\/uploads\/2017\/07\/Plastic-Moving-Crates-For-Sale.mp4<\/a><\/video><\/div>\n<p>&nbsp;<\/p>\n<p>\u2705 Resistente y reutilizable: fabricado con pl\u00e1stico resistente a los impactos de alta calidad para un uso a largo plazo.<br \/>\n\u2705 Dise\u00f1o de tapa adjunta: garantiza un cierre seguro mientras protege el contenido del polvo y los da\u00f1os.<br \/>\n\u2705 Apilable y encajable: se apila de forma segura cuando est\u00e1 lleno y se encaja de forma compacta cuando est\u00e1 vac\u00edo para ahorrar espacio.<br \/>\n\u2705 Manijas ergon\u00f3micas: dise\u00f1adas para levantar y transportar f\u00e1cilmente.<br \/>\n\u2705 Plataforma rodante suave: plataforma resistente para un transporte sin problemas de cajas apiladas.<br \/>\n\u2705 Alternativa ecol\u00f3gica: reduzca los desechos reemplazando las cajas de mudanza desechables.<\/p>\n<p>Simplifique su proceso de mudanza y almacenamiento con estas confiables cajas y plataformas de mudanza de pl\u00e1stico, que ofrecen m\u00e1xima eficiencia, durabilidad y conveniencia.<\/p>\n<p><a href=\"https:\/\/www.plastic-crate.com\/es\/product-category\/plastic-moving-crates\/\" target=\"_blank\" rel=\"noopener\">fabricantes de cajas de mudanza de pl\u00e1stico<\/a>, \u00a0<a href=\"https:\/\/www.plastic-crate.com\/es\/product-tag\/attached-lid-containers\/\">contenedores de almacenamiento con tapas adjuntas<\/a><\/p>","protected":false},"excerpt":{"rendered":"<p>Heavy-Duty Plastic Moving Crates with Dolly \u2013 Stackable &amp; Secure These heavy-duty plastic moving crates provide a durable, reusable, and&hellip;<\/p>","protected":false},"featured_media":1990,"template":"","meta":{"_acf_changed":false},"product_cat":[8],"product_tag":[],"class_list":{"0":"post-258","1":"product","2":"type-product","3":"status-publish","4":"has-post-thumbnail","6":"product_cat-plastic-moving-crates","8":"first","9":"instock","10":"shipping-taxable","11":"product-type-simple"},"acf":[],"yoast_head":"<!-- This site is optimized with the Yoast SEO plugin v24.2 - https:\/\/yoast.com\/wordpress\/plugins\/seo\/ -->\n<title>plastic moving crates for sale, plastic moving boxes sale - Qusheng plastic<\/title>\n<meta name=\"robots\" content=\"index, follow, max-snippet:-1, max-image-preview:large, max-video-preview:-1\" \/>\n<link rel=\"canonical\" href=\"https:\/\/www.plastic-crate.com\/es\/product\/plastic-moving-crates-sale-plastic-moving-boxes-sale\/\" \/>\n<meta property=\"og:locale\" content=\"es_ES\" \/>\n<meta property=\"og:type\" content=\"article\" \/>\n<meta property=\"og:title\" content=\"plastic moving crates for sale, plastic moving boxes sale - Qusheng plastic\" \/>\n<meta property=\"og:description\" content=\"Heavy-Duty Plastic Moving Crates with Dolly \u2013 Stackable &amp; Secure These heavy-duty plastic moving crates provide a durable, reusable, and&hellip;\" \/>\n<meta property=\"og:url\" content=\"https:\/\/www.plastic-crate.com\/es\/product\/plastic-moving-crates-sale-plastic-moving-boxes-sale\/\" \/>\n<meta property=\"og:site_name\" content=\"Qusheng plastic\" \/>\n<meta property=\"article:modified_time\" content=\"2025-03-24T20:00:58+00:00\" \/>\n<meta property=\"og:image\" content=\"https:\/\/www.plastic-crate.com\/wp-content\/uploads\/2017\/07\/Plastic-Moving-Crates-For-Sale-7.jpg\" \/>\n\t<meta property=\"og:image:width\" content=\"700\" \/>\n\t<meta property=\"og:image:height\" content=\"700\" \/>\n\t<meta property=\"og:image:type\" content=\"image\/jpeg\" \/>\n<meta name=\"twitter:card\" content=\"summary_large_image\" \/>\n<meta name=\"twitter:label1\" content=\"Tiempo de lectura\" \/>\n\t<meta name=\"twitter:data1\" content=\"1 minuto\" \/>\n<script type=\"application\/ld+json\" class=\"yoast-schema-graph\">{\"@context\":\"https:\/\/schema.org\",\"@graph\":[{\"@type\":\"WebPage\",\"@id\":\"https:\/\/www.plastic-crate.com\/product\/plastic-moving-crates-sale-plastic-moving-boxes-sale\/\",\"url\":\"https:\/\/www.plastic-crate.com\/product\/plastic-moving-crates-sale-plastic-moving-boxes-sale\/\",\"name\":\"plastic moving crates for sale, plastic moving boxes sale - Qusheng plastic\",\"isPartOf\":{\"@id\":\"https:\/\/www.plastic-crate.com\/#website\"},\"primaryImageOfPage\":{\"@id\":\"https:\/\/www.plastic-crate.com\/product\/plastic-moving-crates-sale-plastic-moving-boxes-sale\/#primaryimage\"},\"image\":{\"@id\":\"https:\/\/www.plastic-crate.com\/product\/plastic-moving-crates-sale-plastic-moving-boxes-sale\/#primaryimage\"},\"thumbnailUrl\":\"https:\/\/www.plastic-crate.com\/wp-content\/uploads\/2017\/07\/Plastic-Moving-Crates-For-Sale-7.jpg\",\"datePublished\":\"2017-07-29T01:24:56+00:00\",\"dateModified\":\"2025-03-24T20:00:58+00:00\",\"breadcrumb\":{\"@id\":\"https:\/\/www.plastic-crate.com\/product\/plastic-moving-crates-sale-plastic-moving-boxes-sale\/#breadcrumb\"},\"inLanguage\":\"es\",\"potentialAction\":[{\"@type\":\"ReadAction\",\"target\":[\"https:\/\/www.plastic-crate.com\/product\/plastic-moving-crates-sale-plastic-moving-boxes-sale\/\"]}]},{\"@type\":\"ImageObject\",\"inLanguage\":\"es\",\"@id\":\"https:\/\/www.plastic-crate.com\/product\/plastic-moving-crates-sale-plastic-moving-boxes-sale\/#primaryimage\",\"url\":\"https:\/\/www.plastic-crate.com\/wp-content\/uploads\/2017\/07\/Plastic-Moving-Crates-For-Sale-7.jpg\",\"contentUrl\":\"https:\/\/www.plastic-crate.com\/wp-content\/uploads\/2017\/07\/Plastic-Moving-Crates-For-Sale-7.jpg\",\"width\":700,\"height\":700,\"caption\":\"Plastic Moving Crates For Sale\"},{\"@type\":\"BreadcrumbList\",\"@id\":\"https:\/\/www.plastic-crate.com\/product\/plastic-moving-crates-sale-plastic-moving-boxes-sale\/#breadcrumb\",\"itemListElement\":[{\"@type\":\"ListItem\",\"position\":1,\"name\":\"Home\",\"item\":\"https:\/\/www.plastic-crate.com\/\"},{\"@type\":\"ListItem\",\"position\":2,\"name\":\"Products\",\"item\":\"https:\/\/www.plastic-crate.com\/shop\/\"},{\"@type\":\"ListItem\",\"position\":3,\"name\":\"plastic moving crates for sale, plastic moving boxes sale\"}]},{\"@type\":\"WebSite\",\"@id\":\"https:\/\/www.plastic-crate.com\/#website\",\"url\":\"https:\/\/www.plastic-crate.com\/\",\"name\":\"Qusheng plastic\",\"description\":\"Leading plastic crates manufacturer in China\",\"potentialAction\":[{\"@type\":\"SearchAction\",\"target\":{\"@type\":\"EntryPoint\",\"urlTemplate\":\"https:\/\/www.plastic-crate.com\/?s={search_term_string}\"},\"query-input\":{\"@type\":\"PropertyValueSpecification\",\"valueRequired\":true,\"valueName\":\"search_term_string\"}}],\"inLanguage\":\"es\"}]}<\/script>\n<!-- \/ Yoast SEO plugin. -->","yoast_head_json":{"title":"plastic moving crates for sale, plastic moving boxes sale - Qusheng plastic","robots":{"index":"index","follow":"follow","max-snippet":"max-snippet:-1","max-image-preview":"max-image-preview:large","max-video-preview":"max-video-preview:-1"},"canonical":"https:\/\/www.plastic-crate.com\/es\/product\/plastic-moving-crates-sale-plastic-moving-boxes-sale\/","og_locale":"es_ES","og_type":"article","og_title":"plastic moving crates for sale, plastic moving boxes sale - Qusheng plastic","og_description":"Heavy-Duty Plastic Moving Crates with Dolly \u2013 Stackable &amp; Secure These heavy-duty plastic moving crates provide a durable, reusable, and&hellip;","og_url":"https:\/\/www.plastic-crate.com\/es\/product\/plastic-moving-crates-sale-plastic-moving-boxes-sale\/","og_site_name":"Qusheng plastic","article_modified_time":"2025-03-24T20:00:58+00:00","og_image":[{"width":700,"height":700,"url":"https:\/\/www.plastic-crate.com\/wp-content\/uploads\/2017\/07\/Plastic-Moving-Crates-For-Sale-7.jpg","type":"image\/jpeg"}],"twitter_card":"summary_large_image","twitter_misc":{"Tiempo de lectura":"1 minuto"},"schema":{"@context":"https:\/\/schema.org","@graph":[{"@type":"WebPage","@id":"https:\/\/www.plastic-crate.com\/product\/plastic-moving-crates-sale-plastic-moving-boxes-sale\/","url":"https:\/\/www.plastic-crate.com\/product\/plastic-moving-crates-sale-plastic-moving-boxes-sale\/","name":"plastic moving crates for sale, plastic moving boxes sale - Qusheng plastic","isPartOf":{"@id":"https:\/\/www.plastic-crate.com\/#website"},"primaryImageOfPage":{"@id":"https:\/\/www.plastic-crate.com\/product\/plastic-moving-crates-sale-plastic-moving-boxes-sale\/#primaryimage"},"image":{"@id":"https:\/\/www.plastic-crate.com\/product\/plastic-moving-crates-sale-plastic-moving-boxes-sale\/#primaryimage"},"thumbnailUrl":"https:\/\/www.plastic-crate.com\/wp-content\/uploads\/2017\/07\/Plastic-Moving-Crates-For-Sale-7.jpg","datePublished":"2017-07-29T01:24:56+00:00","dateModified":"2025-03-24T20:00:58+00:00","breadcrumb":{"@id":"https:\/\/www.plastic-crate.com\/product\/plastic-moving-crates-sale-plastic-moving-boxes-sale\/#breadcrumb"},"inLanguage":"es","potentialAction":[{"@type":"ReadAction","target":["https:\/\/www.plastic-crate.com\/product\/plastic-moving-crates-sale-plastic-moving-boxes-sale\/"]}]},{"@type":"ImageObject","inLanguage":"es","@id":"https:\/\/www.plastic-crate.com\/product\/plastic-moving-crates-sale-plastic-moving-boxes-sale\/#primaryimage","url":"https:\/\/www.plastic-crate.com\/wp-content\/uploads\/2017\/07\/Plastic-Moving-Crates-For-Sale-7.jpg","contentUrl":"https:\/\/www.plastic-crate.com\/wp-content\/uploads\/2017\/07\/Plastic-Moving-Crates-For-Sale-7.jpg","width":700,"height":700,"caption":"Plastic Moving Crates For Sale"},{"@type":"BreadcrumbList","@id":"https:\/\/www.plastic-crate.com\/product\/plastic-moving-crates-sale-plastic-moving-boxes-sale\/#breadcrumb","itemListElement":[{"@type":"ListItem","position":1,"name":"Home","item":"https:\/\/www.plastic-crate.com\/"},{"@type":"ListItem","position":2,"name":"Products","item":"https:\/\/www.plastic-crate.com\/shop\/"},{"@type":"ListItem","position":3,"name":"plastic moving crates for sale, plastic moving boxes sale"}]},{"@type":"WebSite","@id":"https:\/\/www.plastic-crate.com\/#website","url":"https:\/\/www.plastic-crate.com\/","name":"Qusheng plastic","description":"Leading plastic crates manufacturer in China","potentialAction":[{"@type":"SearchAction","target":{"@type":"EntryPoint","urlTemplate":"https:\/\/www.plastic-crate.com\/?s={search_term_string}"},"query-input":{"@type":"PropertyValueSpecification","valueRequired":true,"valueName":"search_term_string"}}],"inLanguage":"es"}]}},"_links":{"self":[{"href":"https:\/\/www.plastic-crate.com\/es\/wp-json\/wp\/v2\/product\/258","targetHints":{"allow":["GET"]}}],"collection":[{"href":"https:\/\/www.plastic-crate.com\/es\/wp-json\/wp\/v2\/product"}],"about":[{"href":"https:\/\/www.plastic-crate.com\/es\/wp-json\/wp\/v2\/types\/product"}],"wp:featuredmedia":[{"embeddable":true,"href":"https:\/\/www.plastic-crate.com\/es\/wp-json\/wp\/v2\/media\/1990"}],"wp:attachment":[{"href":"https:\/\/www.plastic-crate.com\/es\/wp-json\/wp\/v2\/media?parent=258"}],"wp:term":[{"taxonomy":"product_cat","embeddable":true,"href":"https:\/\/www.plastic-crate.com\/es\/wp-json\/wp\/v2\/product_cat?post=258"},{"taxonomy":"product_tag","embeddable":true,"href":"https:\/\/www.plastic-crate.com\/es\/wp-json\/wp\/v2\/product_tag?post=258"}],"curies":[{"name":"wp","href":"https:\/\/api.w.org\/{rel}","templated":true}]}}