{"id":2067,"date":"2025-03-24T19:15:06","date_gmt":"2025-03-24T19:15:06","guid":{"rendered":"https:\/\/www.plastic-crate.com\/?post_type=product&#038;p=2067"},"modified":"2025-03-24T19:30:50","modified_gmt":"2025-03-24T19:30:50","slug":"stackable-storage-bins-open-front","status":"publish","type":"product","link":"https:\/\/www.plastic-crate.com\/es\/product\/stackable-storage-bins-open-front\/","title":{"rendered":"Contenedores de almacenamiento apilables con frente abierto"},"content":{"rendered":"<p><strong>Contenedores de almacenamiento apilables con frente abierto<\/strong> \u2013 Duradero y ahorra espacio<\/p>\n<p>Maximice la eficiencia de su almacenamiento con estos contenedores apilables con dise\u00f1o frontal abierto para facilitar el acceso al contenido. Fabricados en pl\u00e1stico resistente, estos contenedores ofrecen una soluci\u00f3n robusta y duradera para organizar almacenes, talleres, garajes o espacios comerciales.<\/p>\n<p><strong>Caracter\u00edsticas y beneficios<\/strong><\/p>\n<p>\u2705<strong> Dise\u00f1o apilable<\/strong> \u2013 Apile f\u00e1cilmente varios contenedores para optimizar el espacio vertical y mantener su \u00e1rea organizada.<br \/>\n\u2705 <strong>Acceso frontal abierto<\/strong> \u2013 Recupere art\u00edculos r\u00e1pidamente sin desapilarlos, perfecto para espacios de trabajo de mucho tr\u00e1fico.<br \/>\n\u2705 <strong>Construcci\u00f3n duradera<\/strong> \u2013 Fabricado en pl\u00e1stico de alta calidad, resistente a impactos, humedad y productos qu\u00edmicos.<br \/>\n\u2705 <strong>Mangos ergon\u00f3micos<\/strong> \u2013 Asas laterales incorporadas para levantarlo y reposicionarlo f\u00e1cilmente.<br \/>\n\u2705 <strong>Uso vers\u00e1til<\/strong> \u2013 Ideal para almacenar herramientas, piezas, suministros o cualquier material a granel en entornos industriales, dom\u00e9sticos o minoristas.<\/p>\n<p>Dimensiones: 600 mm (largo) x 400 mm (ancho) x 450 mm (alto)<\/p>\n<p>Perfectos para almacenamiento en almac\u00e9n, log\u00edstica y organizaci\u00f3n del hogar, estos contenedores apilables brindan una soluci\u00f3n eficiente que ahorra espacio y al mismo tiempo garantizan f\u00e1cil accesibilidad y durabilidad.<\/p>","protected":false},"excerpt":{"rendered":"<p><a href=\"https:\/\/www.plastic-crate.com\/es\/product-category\/plastic-moving-crates\/\" target=\"_blank\" rel=\"noopener\">Contenedores de almacenamiento de pl\u00e1stico para mudanzas<\/a>,<a href=\"https:\/\/www.plastic-crate.com\/es\/product-category\/folding-crate\/\" target=\"_blank\" rel=\"noopener\">cajas de mudanza de pl\u00e1stico plegables<\/a><\/p>","protected":false},"featured_media":2068,"template":"","meta":{"_acf_changed":false},"product_cat":[15],"product_tag":[],"class_list":{"0":"post-2067","1":"product","2":"type-product","3":"status-publish","4":"has-post-thumbnail","6":"product_cat-stackable-storage-bins","8":"first","9":"instock","10":"sale","11":"shipping-taxable","12":"purchasable","13":"product-type-simple"},"acf":[],"yoast_head":"<!-- This site is optimized with the Yoast SEO plugin v24.2 - https:\/\/yoast.com\/wordpress\/plugins\/seo\/ -->\n<title>Stackable storage bins open front - Qusheng plastic<\/title>\n<meta name=\"robots\" content=\"index, follow, max-snippet:-1, max-image-preview:large, max-video-preview:-1\" \/>\n<link rel=\"canonical\" href=\"https:\/\/www.plastic-crate.com\/es\/product\/stackable-storage-bins-open-front\/\" \/>\n<meta property=\"og:locale\" content=\"es_ES\" \/>\n<meta property=\"og:type\" content=\"article\" \/>\n<meta property=\"og:title\" content=\"Stackable storage bins open front - Qusheng plastic\" \/>\n<meta property=\"og:description\" content=\"plastic storage bins for moving,collapsible plastic moving boxes\" \/>\n<meta property=\"og:url\" content=\"https:\/\/www.plastic-crate.com\/es\/product\/stackable-storage-bins-open-front\/\" \/>\n<meta property=\"og:site_name\" content=\"Qusheng plastic\" \/>\n<meta property=\"article:modified_time\" content=\"2025-03-24T19:30:50+00:00\" \/>\n<meta property=\"og:image\" content=\"https:\/\/www.plastic-crate.com\/wp-content\/uploads\/2025\/03\/stackable-storage-bins-open-front-1.jpg\" \/>\n\t<meta property=\"og:image:width\" content=\"2000\" \/>\n\t<meta property=\"og:image:height\" content=\"2000\" \/>\n\t<meta property=\"og:image:type\" content=\"image\/jpeg\" \/>\n<meta name=\"twitter:card\" content=\"summary_large_image\" \/>\n<meta name=\"twitter:label1\" content=\"Tiempo de lectura\" \/>\n\t<meta name=\"twitter:data1\" content=\"1 minuto\" \/>\n<script type=\"application\/ld+json\" class=\"yoast-schema-graph\">{\"@context\":\"https:\/\/schema.org\",\"@graph\":[{\"@type\":\"WebPage\",\"@id\":\"https:\/\/www.plastic-crate.com\/product\/stackable-storage-bins-open-front\/\",\"url\":\"https:\/\/www.plastic-crate.com\/product\/stackable-storage-bins-open-front\/\",\"name\":\"Stackable storage bins open front - Qusheng plastic\",\"isPartOf\":{\"@id\":\"https:\/\/www.plastic-crate.com\/#website\"},\"primaryImageOfPage\":{\"@id\":\"https:\/\/www.plastic-crate.com\/product\/stackable-storage-bins-open-front\/#primaryimage\"},\"image\":{\"@id\":\"https:\/\/www.plastic-crate.com\/product\/stackable-storage-bins-open-front\/#primaryimage\"},\"thumbnailUrl\":\"https:\/\/www.plastic-crate.com\/wp-content\/uploads\/2025\/03\/stackable-storage-bins-open-front-1.jpg\",\"datePublished\":\"2025-03-24T19:15:06+00:00\",\"dateModified\":\"2025-03-24T19:30:50+00:00\",\"breadcrumb\":{\"@id\":\"https:\/\/www.plastic-crate.com\/product\/stackable-storage-bins-open-front\/#breadcrumb\"},\"inLanguage\":\"es\",\"potentialAction\":[{\"@type\":\"ReadAction\",\"target\":[\"https:\/\/www.plastic-crate.com\/product\/stackable-storage-bins-open-front\/\"]}]},{\"@type\":\"ImageObject\",\"inLanguage\":\"es\",\"@id\":\"https:\/\/www.plastic-crate.com\/product\/stackable-storage-bins-open-front\/#primaryimage\",\"url\":\"https:\/\/www.plastic-crate.com\/wp-content\/uploads\/2025\/03\/stackable-storage-bins-open-front-1.jpg\",\"contentUrl\":\"https:\/\/www.plastic-crate.com\/wp-content\/uploads\/2025\/03\/stackable-storage-bins-open-front-1.jpg\",\"width\":2000,\"height\":2000,\"caption\":\"stackable storage bins open front\"},{\"@type\":\"BreadcrumbList\",\"@id\":\"https:\/\/www.plastic-crate.com\/product\/stackable-storage-bins-open-front\/#breadcrumb\",\"itemListElement\":[{\"@type\":\"ListItem\",\"position\":1,\"name\":\"Home\",\"item\":\"https:\/\/www.plastic-crate.com\/\"},{\"@type\":\"ListItem\",\"position\":2,\"name\":\"Products\",\"item\":\"https:\/\/www.plastic-crate.com\/shop\/\"},{\"@type\":\"ListItem\",\"position\":3,\"name\":\"Stackable storage bins open front\"}]},{\"@type\":\"WebSite\",\"@id\":\"https:\/\/www.plastic-crate.com\/#website\",\"url\":\"https:\/\/www.plastic-crate.com\/\",\"name\":\"Qusheng plastic\",\"description\":\"Leading plastic crates manufacturer in China\",\"potentialAction\":[{\"@type\":\"SearchAction\",\"target\":{\"@type\":\"EntryPoint\",\"urlTemplate\":\"https:\/\/www.plastic-crate.com\/?s={search_term_string}\"},\"query-input\":{\"@type\":\"PropertyValueSpecification\",\"valueRequired\":true,\"valueName\":\"search_term_string\"}}],\"inLanguage\":\"es\"}]}<\/script>\n<!-- \/ Yoast SEO plugin. -->","yoast_head_json":{"title":"Stackable storage bins open front - Qusheng plastic","robots":{"index":"index","follow":"follow","max-snippet":"max-snippet:-1","max-image-preview":"max-image-preview:large","max-video-preview":"max-video-preview:-1"},"canonical":"https:\/\/www.plastic-crate.com\/es\/product\/stackable-storage-bins-open-front\/","og_locale":"es_ES","og_type":"article","og_title":"Stackable storage bins open front - Qusheng plastic","og_description":"plastic storage bins for moving,collapsible plastic moving boxes","og_url":"https:\/\/www.plastic-crate.com\/es\/product\/stackable-storage-bins-open-front\/","og_site_name":"Qusheng plastic","article_modified_time":"2025-03-24T19:30:50+00:00","og_image":[{"width":2000,"height":2000,"url":"https:\/\/www.plastic-crate.com\/wp-content\/uploads\/2025\/03\/stackable-storage-bins-open-front-1.jpg","type":"image\/jpeg"}],"twitter_card":"summary_large_image","twitter_misc":{"Tiempo de lectura":"1 minuto"},"schema":{"@context":"https:\/\/schema.org","@graph":[{"@type":"WebPage","@id":"https:\/\/www.plastic-crate.com\/product\/stackable-storage-bins-open-front\/","url":"https:\/\/www.plastic-crate.com\/product\/stackable-storage-bins-open-front\/","name":"Stackable storage bins open front - Qusheng plastic","isPartOf":{"@id":"https:\/\/www.plastic-crate.com\/#website"},"primaryImageOfPage":{"@id":"https:\/\/www.plastic-crate.com\/product\/stackable-storage-bins-open-front\/#primaryimage"},"image":{"@id":"https:\/\/www.plastic-crate.com\/product\/stackable-storage-bins-open-front\/#primaryimage"},"thumbnailUrl":"https:\/\/www.plastic-crate.com\/wp-content\/uploads\/2025\/03\/stackable-storage-bins-open-front-1.jpg","datePublished":"2025-03-24T19:15:06+00:00","dateModified":"2025-03-24T19:30:50+00:00","breadcrumb":{"@id":"https:\/\/www.plastic-crate.com\/product\/stackable-storage-bins-open-front\/#breadcrumb"},"inLanguage":"es","potentialAction":[{"@type":"ReadAction","target":["https:\/\/www.plastic-crate.com\/product\/stackable-storage-bins-open-front\/"]}]},{"@type":"ImageObject","inLanguage":"es","@id":"https:\/\/www.plastic-crate.com\/product\/stackable-storage-bins-open-front\/#primaryimage","url":"https:\/\/www.plastic-crate.com\/wp-content\/uploads\/2025\/03\/stackable-storage-bins-open-front-1.jpg","contentUrl":"https:\/\/www.plastic-crate.com\/wp-content\/uploads\/2025\/03\/stackable-storage-bins-open-front-1.jpg","width":2000,"height":2000,"caption":"stackable storage bins open front"},{"@type":"BreadcrumbList","@id":"https:\/\/www.plastic-crate.com\/product\/stackable-storage-bins-open-front\/#breadcrumb","itemListElement":[{"@type":"ListItem","position":1,"name":"Home","item":"https:\/\/www.plastic-crate.com\/"},{"@type":"ListItem","position":2,"name":"Products","item":"https:\/\/www.plastic-crate.com\/shop\/"},{"@type":"ListItem","position":3,"name":"Stackable storage bins open front"}]},{"@type":"WebSite","@id":"https:\/\/www.plastic-crate.com\/#website","url":"https:\/\/www.plastic-crate.com\/","name":"Qusheng plastic","description":"Leading plastic crates manufacturer in China","potentialAction":[{"@type":"SearchAction","target":{"@type":"EntryPoint","urlTemplate":"https:\/\/www.plastic-crate.com\/?s={search_term_string}"},"query-input":{"@type":"PropertyValueSpecification","valueRequired":true,"valueName":"search_term_string"}}],"inLanguage":"es"}]}},"_links":{"self":[{"href":"https:\/\/www.plastic-crate.com\/es\/wp-json\/wp\/v2\/product\/2067","targetHints":{"allow":["GET"]}}],"collection":[{"href":"https:\/\/www.plastic-crate.com\/es\/wp-json\/wp\/v2\/product"}],"about":[{"href":"https:\/\/www.plastic-crate.com\/es\/wp-json\/wp\/v2\/types\/product"}],"wp:featuredmedia":[{"embeddable":true,"href":"https:\/\/www.plastic-crate.com\/es\/wp-json\/wp\/v2\/media\/2068"}],"wp:attachment":[{"href":"https:\/\/www.plastic-crate.com\/es\/wp-json\/wp\/v2\/media?parent=2067"}],"wp:term":[{"taxonomy":"product_cat","embeddable":true,"href":"https:\/\/www.plastic-crate.com\/es\/wp-json\/wp\/v2\/product_cat?post=2067"},{"taxonomy":"product_tag","embeddable":true,"href":"https:\/\/www.plastic-crate.com\/es\/wp-json\/wp\/v2\/product_tag?post=2067"}],"curies":[{"name":"wp","href":"https:\/\/api.w.org\/{rel}","templated":true}]}}