{"id":1937,"date":"2022-03-30T03:06:41","date_gmt":"2022-03-30T03:06:41","guid":{"rendered":"https:\/\/www.plastic-crate.com\/?post_type=product&#038;p=1937"},"modified":"2025-01-15T04:26:14","modified_gmt":"2025-01-15T04:26:14","slug":"best-plastic-containers-for-moving-6436","status":"publish","type":"product","link":"https:\/\/www.plastic-crate.com\/es\/product\/best-plastic-containers-for-moving-6436\/","title":{"rendered":"Los mejores contenedores de pl\u00e1stico para mudanzas - 6436"},"content":{"rendered":"<p>Estas cajas m\u00f3viles son las <strong>Los mejores contenedores de pl\u00e1stico para mudanzas<\/strong>Muy populares en el mercado, ideales para empresas de mudanzas y distribuidores. Los contenedores de pl\u00e1stico para mudanzas suelen ser m\u00e1s duraderos que las cajas de cart\u00f3n. Estos contenedores resistentes al agua y duraderos mantienen sus pertenencias seguras.<\/p>\n<div style=\"width: 960px;\" class=\"wp-video\"><!--[if lt IE 9]><script>document.createElement('video');<\/script><![endif]-->\n<video class=\"wp-video-shortcode\" id=\"video-1937-1\" width=\"960\" height=\"540\" preload=\"metadata\" controls=\"controls\"><source type=\"video\/mp4\" src=\"https:\/\/www.plastic-crate.com\/wp-content\/uploads\/2022\/03\/best-plastic-containers-for-moving.mp4?_=1\" \/><a href=\"https:\/\/www.plastic-crate.com\/wp-content\/uploads\/2022\/03\/best-plastic-containers-for-moving.mp4\">https:\/\/www.plastic-crate.com\/wp-content\/uploads\/2022\/03\/best-plastic-containers-for-moving.mp4<\/a><\/video><\/div>\n<p><strong>Caracter\u00edsticas y beneficios<\/strong><\/p>\n<ul>\n<li>Los contenedores se anidan para aprovechar al m\u00e1ximo el espacio con las tapas abiertas<\/li>\n<li>Asas ergon\u00f3micas para levantar f\u00e1cilmente.<\/li>\n<li>Interiores f\u00e1ciles de limpiar<\/li>\n<li>La construcci\u00f3n de HDPE moldeado por inyecci\u00f3n resiste el impacto, la humedad y la mayor\u00eda de los productos qu\u00edmicos.<\/li>\n<li>\u00daselo con temperaturas de -20\u02da a 120\u02da F<\/li>\n<li>Opciones de personalizaci\u00f3n e identificaci\u00f3n disponibles<\/li>\n<li>Respaldado por una garant\u00eda limitada de un a\u00f1o<\/li>\n<li>100% reciclable<\/li>\n<\/ul>","protected":false},"excerpt":{"rendered":"<p><strong>Caracter\u00edsticas y beneficios<\/strong><\/p>\n<ul>\n<li>Los contenedores se anidan para aprovechar al m\u00e1ximo el espacio con las tapas abiertas<\/li>\n<li>Asas ergon\u00f3micas para levantar f\u00e1cilmente.<\/li>\n<li>Interiores f\u00e1ciles de limpiar<\/li>\n<li>La construcci\u00f3n de HDPE moldeado por inyecci\u00f3n resiste el impacto, la humedad y la mayor\u00eda de los productos qu\u00edmicos.<\/li>\n<li>\u00daselo con temperaturas de -20\u02da a 120\u02da F<\/li>\n<li>Opciones de personalizaci\u00f3n e identificaci\u00f3n disponibles<\/li>\n<li>Respaldado por una garant\u00eda limitada de un a\u00f1o<\/li>\n<li>100% reciclable<\/li>\n<\/ul>","protected":false},"featured_media":1943,"template":"","meta":{"_acf_changed":false},"product_cat":[8],"product_tag":[78],"class_list":{"0":"post-1937","1":"product","2":"type-product","3":"status-publish","4":"has-post-thumbnail","6":"product_cat-plastic-moving-crates","7":"product_tag-attached-lid-containers","9":"first","10":"instock","11":"shipping-taxable","12":"product-type-simple"},"acf":[],"yoast_head":"<!-- This site is optimized with the Yoast SEO plugin v24.2 - https:\/\/yoast.com\/wordpress\/plugins\/seo\/ -->\n<title>Best plastic containers for moving-6436 - Qusheng plastic<\/title>\n<meta name=\"description\" content=\"This crates is the best plastic containers for moving, very popular in market, best for moving companies, distributors. Wholesale price!\" \/>\n<meta name=\"robots\" content=\"index, follow, max-snippet:-1, max-image-preview:large, max-video-preview:-1\" \/>\n<link rel=\"canonical\" href=\"https:\/\/www.plastic-crate.com\/es\/product\/best-plastic-containers-for-moving-6436\/\" \/>\n<meta property=\"og:locale\" content=\"es_ES\" \/>\n<meta property=\"og:type\" content=\"article\" \/>\n<meta property=\"og:title\" content=\"Best plastic containers for moving-6436 - Qusheng plastic\" \/>\n<meta property=\"og:description\" content=\"This crates is the best plastic containers for moving, very popular in market, best for moving companies, distributors. Wholesale price!\" \/>\n<meta property=\"og:url\" content=\"https:\/\/www.plastic-crate.com\/es\/product\/best-plastic-containers-for-moving-6436\/\" \/>\n<meta property=\"og:site_name\" content=\"Qusheng plastic\" \/>\n<meta property=\"article:modified_time\" content=\"2025-01-15T04:26:14+00:00\" \/>\n<meta property=\"og:image\" content=\"https:\/\/www.plastic-crate.com\/wp-content\/uploads\/2022\/03\/best-plastic-containers-for-moving-1.png\" \/>\n\t<meta property=\"og:image:width\" content=\"1000\" \/>\n\t<meta property=\"og:image:height\" content=\"1000\" \/>\n\t<meta property=\"og:image:type\" content=\"image\/png\" \/>\n<meta name=\"twitter:card\" content=\"summary_large_image\" \/>\n<meta name=\"twitter:label1\" content=\"Tiempo de lectura\" \/>\n\t<meta name=\"twitter:data1\" content=\"1 minuto\" \/>\n<script type=\"application\/ld+json\" class=\"yoast-schema-graph\">{\"@context\":\"https:\/\/schema.org\",\"@graph\":[{\"@type\":\"WebPage\",\"@id\":\"https:\/\/www.plastic-crate.com\/product\/best-plastic-containers-for-moving-6436\/\",\"url\":\"https:\/\/www.plastic-crate.com\/product\/best-plastic-containers-for-moving-6436\/\",\"name\":\"Best plastic containers for moving-6436 - Qusheng plastic\",\"isPartOf\":{\"@id\":\"https:\/\/www.plastic-crate.com\/#website\"},\"primaryImageOfPage\":{\"@id\":\"https:\/\/www.plastic-crate.com\/product\/best-plastic-containers-for-moving-6436\/#primaryimage\"},\"image\":{\"@id\":\"https:\/\/www.plastic-crate.com\/product\/best-plastic-containers-for-moving-6436\/#primaryimage\"},\"thumbnailUrl\":\"https:\/\/www.plastic-crate.com\/wp-content\/uploads\/2022\/03\/best-plastic-containers-for-moving-1.png\",\"datePublished\":\"2022-03-30T03:06:41+00:00\",\"dateModified\":\"2025-01-15T04:26:14+00:00\",\"description\":\"This crates is the best plastic containers for moving, very popular in market, best for moving companies, distributors. Wholesale price!\",\"breadcrumb\":{\"@id\":\"https:\/\/www.plastic-crate.com\/product\/best-plastic-containers-for-moving-6436\/#breadcrumb\"},\"inLanguage\":\"es\",\"potentialAction\":[{\"@type\":\"ReadAction\",\"target\":[\"https:\/\/www.plastic-crate.com\/product\/best-plastic-containers-for-moving-6436\/\"]}]},{\"@type\":\"ImageObject\",\"inLanguage\":\"es\",\"@id\":\"https:\/\/www.plastic-crate.com\/product\/best-plastic-containers-for-moving-6436\/#primaryimage\",\"url\":\"https:\/\/www.plastic-crate.com\/wp-content\/uploads\/2022\/03\/best-plastic-containers-for-moving-1.png\",\"contentUrl\":\"https:\/\/www.plastic-crate.com\/wp-content\/uploads\/2022\/03\/best-plastic-containers-for-moving-1.png\",\"width\":1000,\"height\":1000,\"caption\":\"best plastic containers for moving\"},{\"@type\":\"BreadcrumbList\",\"@id\":\"https:\/\/www.plastic-crate.com\/product\/best-plastic-containers-for-moving-6436\/#breadcrumb\",\"itemListElement\":[{\"@type\":\"ListItem\",\"position\":1,\"name\":\"Home\",\"item\":\"https:\/\/www.plastic-crate.com\/\"},{\"@type\":\"ListItem\",\"position\":2,\"name\":\"Products\",\"item\":\"https:\/\/www.plastic-crate.com\/shop\/\"},{\"@type\":\"ListItem\",\"position\":3,\"name\":\"Best plastic containers for moving-6436\"}]},{\"@type\":\"WebSite\",\"@id\":\"https:\/\/www.plastic-crate.com\/#website\",\"url\":\"https:\/\/www.plastic-crate.com\/\",\"name\":\"Qusheng plastic\",\"description\":\"Leading plastic crates manufacturer in China\",\"potentialAction\":[{\"@type\":\"SearchAction\",\"target\":{\"@type\":\"EntryPoint\",\"urlTemplate\":\"https:\/\/www.plastic-crate.com\/?s={search_term_string}\"},\"query-input\":{\"@type\":\"PropertyValueSpecification\",\"valueRequired\":true,\"valueName\":\"search_term_string\"}}],\"inLanguage\":\"es\"}]}<\/script>\n<!-- \/ Yoast SEO plugin. -->","yoast_head_json":{"title":"Best plastic containers for moving-6436 - Qusheng plastic","description":"This crates is the best plastic containers for moving, very popular in market, best for moving companies, distributors. Wholesale price!","robots":{"index":"index","follow":"follow","max-snippet":"max-snippet:-1","max-image-preview":"max-image-preview:large","max-video-preview":"max-video-preview:-1"},"canonical":"https:\/\/www.plastic-crate.com\/es\/product\/best-plastic-containers-for-moving-6436\/","og_locale":"es_ES","og_type":"article","og_title":"Best plastic containers for moving-6436 - Qusheng plastic","og_description":"This crates is the best plastic containers for moving, very popular in market, best for moving companies, distributors. Wholesale price!","og_url":"https:\/\/www.plastic-crate.com\/es\/product\/best-plastic-containers-for-moving-6436\/","og_site_name":"Qusheng plastic","article_modified_time":"2025-01-15T04:26:14+00:00","og_image":[{"width":1000,"height":1000,"url":"https:\/\/www.plastic-crate.com\/wp-content\/uploads\/2022\/03\/best-plastic-containers-for-moving-1.png","type":"image\/png"}],"twitter_card":"summary_large_image","twitter_misc":{"Tiempo de lectura":"1 minuto"},"schema":{"@context":"https:\/\/schema.org","@graph":[{"@type":"WebPage","@id":"https:\/\/www.plastic-crate.com\/product\/best-plastic-containers-for-moving-6436\/","url":"https:\/\/www.plastic-crate.com\/product\/best-plastic-containers-for-moving-6436\/","name":"Best plastic containers for moving-6436 - Qusheng plastic","isPartOf":{"@id":"https:\/\/www.plastic-crate.com\/#website"},"primaryImageOfPage":{"@id":"https:\/\/www.plastic-crate.com\/product\/best-plastic-containers-for-moving-6436\/#primaryimage"},"image":{"@id":"https:\/\/www.plastic-crate.com\/product\/best-plastic-containers-for-moving-6436\/#primaryimage"},"thumbnailUrl":"https:\/\/www.plastic-crate.com\/wp-content\/uploads\/2022\/03\/best-plastic-containers-for-moving-1.png","datePublished":"2022-03-30T03:06:41+00:00","dateModified":"2025-01-15T04:26:14+00:00","description":"This crates is the best plastic containers for moving, very popular in market, best for moving companies, distributors. Wholesale price!","breadcrumb":{"@id":"https:\/\/www.plastic-crate.com\/product\/best-plastic-containers-for-moving-6436\/#breadcrumb"},"inLanguage":"es","potentialAction":[{"@type":"ReadAction","target":["https:\/\/www.plastic-crate.com\/product\/best-plastic-containers-for-moving-6436\/"]}]},{"@type":"ImageObject","inLanguage":"es","@id":"https:\/\/www.plastic-crate.com\/product\/best-plastic-containers-for-moving-6436\/#primaryimage","url":"https:\/\/www.plastic-crate.com\/wp-content\/uploads\/2022\/03\/best-plastic-containers-for-moving-1.png","contentUrl":"https:\/\/www.plastic-crate.com\/wp-content\/uploads\/2022\/03\/best-plastic-containers-for-moving-1.png","width":1000,"height":1000,"caption":"best plastic containers for moving"},{"@type":"BreadcrumbList","@id":"https:\/\/www.plastic-crate.com\/product\/best-plastic-containers-for-moving-6436\/#breadcrumb","itemListElement":[{"@type":"ListItem","position":1,"name":"Home","item":"https:\/\/www.plastic-crate.com\/"},{"@type":"ListItem","position":2,"name":"Products","item":"https:\/\/www.plastic-crate.com\/shop\/"},{"@type":"ListItem","position":3,"name":"Best plastic containers for moving-6436"}]},{"@type":"WebSite","@id":"https:\/\/www.plastic-crate.com\/#website","url":"https:\/\/www.plastic-crate.com\/","name":"Qusheng plastic","description":"Leading plastic crates manufacturer in China","potentialAction":[{"@type":"SearchAction","target":{"@type":"EntryPoint","urlTemplate":"https:\/\/www.plastic-crate.com\/?s={search_term_string}"},"query-input":{"@type":"PropertyValueSpecification","valueRequired":true,"valueName":"search_term_string"}}],"inLanguage":"es"}]}},"_links":{"self":[{"href":"https:\/\/www.plastic-crate.com\/es\/wp-json\/wp\/v2\/product\/1937","targetHints":{"allow":["GET"]}}],"collection":[{"href":"https:\/\/www.plastic-crate.com\/es\/wp-json\/wp\/v2\/product"}],"about":[{"href":"https:\/\/www.plastic-crate.com\/es\/wp-json\/wp\/v2\/types\/product"}],"wp:featuredmedia":[{"embeddable":true,"href":"https:\/\/www.plastic-crate.com\/es\/wp-json\/wp\/v2\/media\/1943"}],"wp:attachment":[{"href":"https:\/\/www.plastic-crate.com\/es\/wp-json\/wp\/v2\/media?parent=1937"}],"wp:term":[{"taxonomy":"product_cat","embeddable":true,"href":"https:\/\/www.plastic-crate.com\/es\/wp-json\/wp\/v2\/product_cat?post=1937"},{"taxonomy":"product_tag","embeddable":true,"href":"https:\/\/www.plastic-crate.com\/es\/wp-json\/wp\/v2\/product_tag?post=1937"}],"curies":[{"name":"wp","href":"https:\/\/api.w.org\/{rel}","templated":true}]}}