{"id":193,"date":"2017-04-14T05:41:00","date_gmt":"2017-04-14T05:41:00","guid":{"rendered":"http:\/\/www.plastic-crate.com\/?post_type=product&#038;p=193"},"modified":"2018-01-08T06:14:49","modified_gmt":"2018-01-08T06:14:49","slug":"fruit-and-vegetable-crate","status":"publish","type":"product","link":"https:\/\/www.plastic-crate.com\/es\/product\/fruit-and-vegetable-crate\/","title":{"rendered":"Caja de PP virgen para frutas y verduras 100% en oferta"},"content":{"rendered":"<p>Nuestra nueva caja para frutas y verduras 100%, \u00a1en oferta! Est\u00e1 fabricada con polipropileno de grado alimenticio, resistente, duradero y resistente a los rayos UV. Su ingenioso dise\u00f1o permite una rotaci\u00f3n de 180\u00b0 para apilarlas o encajarlas, lo que proporciona un ahorro considerable en transporte y log\u00edstica cuando no se usan y se apilan cuando est\u00e1n llenas. Su dise\u00f1o perforado con orificios para la ventilaci\u00f3n es ideal para almacenar verduras.<\/p>\n<p>Las cajas de frutas y verduras de PP virgen 100% son ideales para una amplia selecci\u00f3n de industrias que incluyen: comercio de alimentos, fabricaci\u00f3n de productos peque\u00f1os, manipulaci\u00f3n de materiales, ingenier\u00eda, automoci\u00f3n, almacenamiento y distribuci\u00f3n, etc.<\/p>\n<div id=\"attachment_194\" style=\"width: 310px\" class=\"wp-caption alignnone\"><img loading=\"lazy\" decoding=\"async\" aria-describedby=\"caption-attachment-194\" class=\"size-medium wp-image-194\" src=\"http:\/\/www.plastic-crate.com\/wp-content\/uploads\/2017\/04\/fruit-and-vegetable-crate-300x300.jpg\" alt=\"\" width=\"300\" height=\"300\" srcset=\"https:\/\/www.plastic-crate.com\/wp-content\/uploads\/2017\/04\/fruit-and-vegetable-crate-300x300.jpg 300w, https:\/\/www.plastic-crate.com\/wp-content\/uploads\/2017\/04\/fruit-and-vegetable-crate-100x100.jpg 100w, https:\/\/www.plastic-crate.com\/wp-content\/uploads\/2017\/04\/fruit-and-vegetable-crate-600x600.jpg 600w, https:\/\/www.plastic-crate.com\/wp-content\/uploads\/2017\/04\/fruit-and-vegetable-crate-150x150.jpg 150w, https:\/\/www.plastic-crate.com\/wp-content\/uploads\/2017\/04\/fruit-and-vegetable-crate.jpg 700w\" sizes=\"auto, (max-width: 300px) 100vw, 300px\" \/><p id=\"caption-attachment-194\" class=\"wp-caption-text\">caja de frutas y verduras<\/p><\/div>\n<p>&nbsp;<\/p>","protected":false},"excerpt":{"rendered":"<p>Our 100% brand new fruit and vegetable crate on hot sell. They are made from \u00a0tough, durable and UV resistant&hellip;<\/p>","protected":false},"featured_media":194,"template":"","meta":{"_acf_changed":false},"product_cat":[20],"product_tag":[31,32,33],"class_list":{"0":"post-193","1":"product","2":"type-product","3":"status-publish","4":"has-post-thumbnail","6":"product_cat-fruit-crates","7":"product_tag-fruit-and-vegetable-crate","8":"product_tag-fruit-crate","9":"product_tag-vegetable-crate","11":"first","12":"instock","13":"shipping-taxable","14":"product-type-simple"},"acf":[],"yoast_head":"<!-- This site is optimized with the Yoast SEO plugin v24.2 - https:\/\/yoast.com\/wordpress\/plugins\/seo\/ -->\n<title>fruit and vegetable crate<\/title>\n<meta name=\"description\" content=\"100% virgin PP fruit and vegetable crate on hot sell\" \/>\n<meta name=\"robots\" content=\"index, follow, max-snippet:-1, max-image-preview:large, max-video-preview:-1\" \/>\n<link rel=\"canonical\" href=\"https:\/\/www.plastic-crate.com\/es\/product\/fruit-and-vegetable-crate\/\" \/>\n<meta property=\"og:locale\" content=\"es_ES\" \/>\n<meta property=\"og:type\" content=\"article\" \/>\n<meta property=\"og:title\" content=\"fruit and vegetable crate\" \/>\n<meta property=\"og:description\" content=\"100% virgin PP fruit and vegetable crate on hot sell\" \/>\n<meta property=\"og:url\" content=\"https:\/\/www.plastic-crate.com\/es\/product\/fruit-and-vegetable-crate\/\" \/>\n<meta property=\"og:site_name\" content=\"Qusheng plastic\" \/>\n<meta property=\"article:modified_time\" content=\"2018-01-08T06:14:49+00:00\" \/>\n<meta property=\"og:image\" content=\"https:\/\/www.plastic-crate.com\/wp-content\/uploads\/2017\/04\/fruit-and-vegetable-crate.jpg\" \/>\n\t<meta property=\"og:image:width\" content=\"700\" \/>\n\t<meta property=\"og:image:height\" content=\"700\" \/>\n\t<meta property=\"og:image:type\" content=\"image\/jpeg\" \/>\n<meta name=\"twitter:card\" content=\"summary_large_image\" \/>\n<meta name=\"twitter:label1\" content=\"Tiempo de lectura\" \/>\n\t<meta name=\"twitter:data1\" content=\"1 minuto\" \/>\n<script type=\"application\/ld+json\" class=\"yoast-schema-graph\">{\"@context\":\"https:\/\/schema.org\",\"@graph\":[{\"@type\":\"WebPage\",\"@id\":\"https:\/\/www.plastic-crate.com\/product\/fruit-and-vegetable-crate\/\",\"url\":\"https:\/\/www.plastic-crate.com\/product\/fruit-and-vegetable-crate\/\",\"name\":\"fruit and vegetable crate\",\"isPartOf\":{\"@id\":\"https:\/\/www.plastic-crate.com\/#website\"},\"primaryImageOfPage\":{\"@id\":\"https:\/\/www.plastic-crate.com\/product\/fruit-and-vegetable-crate\/#primaryimage\"},\"image\":{\"@id\":\"https:\/\/www.plastic-crate.com\/product\/fruit-and-vegetable-crate\/#primaryimage\"},\"thumbnailUrl\":\"https:\/\/www.plastic-crate.com\/wp-content\/uploads\/2017\/04\/fruit-and-vegetable-crate.jpg\",\"datePublished\":\"2017-04-14T05:41:00+00:00\",\"dateModified\":\"2018-01-08T06:14:49+00:00\",\"description\":\"100% virgin PP fruit and vegetable crate on hot sell\",\"breadcrumb\":{\"@id\":\"https:\/\/www.plastic-crate.com\/product\/fruit-and-vegetable-crate\/#breadcrumb\"},\"inLanguage\":\"es\",\"potentialAction\":[{\"@type\":\"ReadAction\",\"target\":[\"https:\/\/www.plastic-crate.com\/product\/fruit-and-vegetable-crate\/\"]}]},{\"@type\":\"ImageObject\",\"inLanguage\":\"es\",\"@id\":\"https:\/\/www.plastic-crate.com\/product\/fruit-and-vegetable-crate\/#primaryimage\",\"url\":\"https:\/\/www.plastic-crate.com\/wp-content\/uploads\/2017\/04\/fruit-and-vegetable-crate.jpg\",\"contentUrl\":\"https:\/\/www.plastic-crate.com\/wp-content\/uploads\/2017\/04\/fruit-and-vegetable-crate.jpg\",\"width\":700,\"height\":700,\"caption\":\"fruit and vegetable crate\"},{\"@type\":\"BreadcrumbList\",\"@id\":\"https:\/\/www.plastic-crate.com\/product\/fruit-and-vegetable-crate\/#breadcrumb\",\"itemListElement\":[{\"@type\":\"ListItem\",\"position\":1,\"name\":\"Home\",\"item\":\"https:\/\/www.plastic-crate.com\/\"},{\"@type\":\"ListItem\",\"position\":2,\"name\":\"Products\",\"item\":\"https:\/\/www.plastic-crate.com\/shop\/\"},{\"@type\":\"ListItem\",\"position\":3,\"name\":\"100% virgin PP fruit and vegetable crate on hot sell\"}]},{\"@type\":\"WebSite\",\"@id\":\"https:\/\/www.plastic-crate.com\/#website\",\"url\":\"https:\/\/www.plastic-crate.com\/\",\"name\":\"Qusheng plastic\",\"description\":\"Leading plastic crates manufacturer in China\",\"potentialAction\":[{\"@type\":\"SearchAction\",\"target\":{\"@type\":\"EntryPoint\",\"urlTemplate\":\"https:\/\/www.plastic-crate.com\/?s={search_term_string}\"},\"query-input\":{\"@type\":\"PropertyValueSpecification\",\"valueRequired\":true,\"valueName\":\"search_term_string\"}}],\"inLanguage\":\"es\"}]}<\/script>\n<!-- \/ Yoast SEO plugin. -->","yoast_head_json":{"title":"fruit and vegetable crate","description":"100% virgin PP fruit and vegetable crate on hot sell","robots":{"index":"index","follow":"follow","max-snippet":"max-snippet:-1","max-image-preview":"max-image-preview:large","max-video-preview":"max-video-preview:-1"},"canonical":"https:\/\/www.plastic-crate.com\/es\/product\/fruit-and-vegetable-crate\/","og_locale":"es_ES","og_type":"article","og_title":"fruit and vegetable crate","og_description":"100% virgin PP fruit and vegetable crate on hot sell","og_url":"https:\/\/www.plastic-crate.com\/es\/product\/fruit-and-vegetable-crate\/","og_site_name":"Qusheng plastic","article_modified_time":"2018-01-08T06:14:49+00:00","og_image":[{"width":700,"height":700,"url":"https:\/\/www.plastic-crate.com\/wp-content\/uploads\/2017\/04\/fruit-and-vegetable-crate.jpg","type":"image\/jpeg"}],"twitter_card":"summary_large_image","twitter_misc":{"Tiempo de lectura":"1 minuto"},"schema":{"@context":"https:\/\/schema.org","@graph":[{"@type":"WebPage","@id":"https:\/\/www.plastic-crate.com\/product\/fruit-and-vegetable-crate\/","url":"https:\/\/www.plastic-crate.com\/product\/fruit-and-vegetable-crate\/","name":"fruit and vegetable crate","isPartOf":{"@id":"https:\/\/www.plastic-crate.com\/#website"},"primaryImageOfPage":{"@id":"https:\/\/www.plastic-crate.com\/product\/fruit-and-vegetable-crate\/#primaryimage"},"image":{"@id":"https:\/\/www.plastic-crate.com\/product\/fruit-and-vegetable-crate\/#primaryimage"},"thumbnailUrl":"https:\/\/www.plastic-crate.com\/wp-content\/uploads\/2017\/04\/fruit-and-vegetable-crate.jpg","datePublished":"2017-04-14T05:41:00+00:00","dateModified":"2018-01-08T06:14:49+00:00","description":"100% virgin PP fruit and vegetable crate on hot sell","breadcrumb":{"@id":"https:\/\/www.plastic-crate.com\/product\/fruit-and-vegetable-crate\/#breadcrumb"},"inLanguage":"es","potentialAction":[{"@type":"ReadAction","target":["https:\/\/www.plastic-crate.com\/product\/fruit-and-vegetable-crate\/"]}]},{"@type":"ImageObject","inLanguage":"es","@id":"https:\/\/www.plastic-crate.com\/product\/fruit-and-vegetable-crate\/#primaryimage","url":"https:\/\/www.plastic-crate.com\/wp-content\/uploads\/2017\/04\/fruit-and-vegetable-crate.jpg","contentUrl":"https:\/\/www.plastic-crate.com\/wp-content\/uploads\/2017\/04\/fruit-and-vegetable-crate.jpg","width":700,"height":700,"caption":"fruit and vegetable crate"},{"@type":"BreadcrumbList","@id":"https:\/\/www.plastic-crate.com\/product\/fruit-and-vegetable-crate\/#breadcrumb","itemListElement":[{"@type":"ListItem","position":1,"name":"Home","item":"https:\/\/www.plastic-crate.com\/"},{"@type":"ListItem","position":2,"name":"Products","item":"https:\/\/www.plastic-crate.com\/shop\/"},{"@type":"ListItem","position":3,"name":"100% virgin PP fruit and vegetable crate on hot sell"}]},{"@type":"WebSite","@id":"https:\/\/www.plastic-crate.com\/#website","url":"https:\/\/www.plastic-crate.com\/","name":"Qusheng plastic","description":"Leading plastic crates manufacturer in China","potentialAction":[{"@type":"SearchAction","target":{"@type":"EntryPoint","urlTemplate":"https:\/\/www.plastic-crate.com\/?s={search_term_string}"},"query-input":{"@type":"PropertyValueSpecification","valueRequired":true,"valueName":"search_term_string"}}],"inLanguage":"es"}]}},"_links":{"self":[{"href":"https:\/\/www.plastic-crate.com\/es\/wp-json\/wp\/v2\/product\/193","targetHints":{"allow":["GET"]}}],"collection":[{"href":"https:\/\/www.plastic-crate.com\/es\/wp-json\/wp\/v2\/product"}],"about":[{"href":"https:\/\/www.plastic-crate.com\/es\/wp-json\/wp\/v2\/types\/product"}],"wp:featuredmedia":[{"embeddable":true,"href":"https:\/\/www.plastic-crate.com\/es\/wp-json\/wp\/v2\/media\/194"}],"wp:attachment":[{"href":"https:\/\/www.plastic-crate.com\/es\/wp-json\/wp\/v2\/media?parent=193"}],"wp:term":[{"taxonomy":"product_cat","embeddable":true,"href":"https:\/\/www.plastic-crate.com\/es\/wp-json\/wp\/v2\/product_cat?post=193"},{"taxonomy":"product_tag","embeddable":true,"href":"https:\/\/www.plastic-crate.com\/es\/wp-json\/wp\/v2\/product_tag?post=193"}],"curies":[{"name":"wp","href":"https:\/\/api.w.org\/{rel}","templated":true}]}}