{"id":174,"date":"2017-03-23T02:18:13","date_gmt":"2017-03-23T02:18:13","guid":{"rendered":"http:\/\/www.plastic-crate.com\/?post_type=product&#038;p=174"},"modified":"2017-07-28T03:27:47","modified_gmt":"2017-07-28T03:27:47","slug":"folding-plastic-boxes","status":"publish","type":"product","link":"https:\/\/www.plastic-crate.com\/es\/product\/folding-plastic-boxes\/","title":{"rendered":"Las cajas de pl\u00e1stico plegables m\u00e1s vendidas"},"content":{"rendered":"<p>Las cajas de pl\u00e1stico plegables m\u00e1s vendidas<\/p>\n<p>Tama\u00f1o: 760 x 580 x 520 mm<\/p>\n<p>Tama\u00f1o plegado: 760*580*130 mm<\/p>\n<p>Peso: 8kg<\/p>\n<p>Capacidad de carga: 40 kg<\/p>\n<p>Volumen interno: 180L<\/p>\n<p>Descripci\u00f3n de cajas de pl\u00e1stico plegables<\/p>\n<p>Nuestras cajas plegables de pl\u00e1stico, fabricadas con PP virgen 100%, tambi\u00e9n conocidas como cajas plegables, son robustas y su pr\u00e1ctico dise\u00f1o permite plegarlas pr\u00e1cticamente por completo cuando no se utilizan, lo que ahorra mucho espacio. Adem\u00e1s, se montan y desmontan en cuesti\u00f3n de segundos. Gracias a su ligereza, ahorro de espacio y f\u00e1cil montaje, las cajas plegables de pl\u00e1stico se utilizan ampliamente en supermercados internacionales, tiendas de conveniencia 24\/7, grandes centros de distribuci\u00f3n, grandes almacenes, procesamiento de alimentos, etc.<\/p>\n<div id=\"attachment_175\" style=\"width: 310px\" class=\"wp-caption alignnone\"><img loading=\"lazy\" decoding=\"async\" aria-describedby=\"caption-attachment-175\" class=\"size-medium wp-image-175\" src=\"http:\/\/www.plastic-crate.com\/wp-content\/uploads\/2017\/03\/folding-plastic-boxes-300x300.jpg\" alt=\"\" width=\"300\" height=\"300\" srcset=\"https:\/\/www.plastic-crate.com\/wp-content\/uploads\/2017\/03\/folding-plastic-boxes-300x300.jpg 300w, https:\/\/www.plastic-crate.com\/wp-content\/uploads\/2017\/03\/folding-plastic-boxes-100x100.jpg 100w, https:\/\/www.plastic-crate.com\/wp-content\/uploads\/2017\/03\/folding-plastic-boxes-600x600.jpg 600w, https:\/\/www.plastic-crate.com\/wp-content\/uploads\/2017\/03\/folding-plastic-boxes-150x150.jpg 150w, https:\/\/www.plastic-crate.com\/wp-content\/uploads\/2017\/03\/folding-plastic-boxes-768x768.jpg 768w, https:\/\/www.plastic-crate.com\/wp-content\/uploads\/2017\/03\/folding-plastic-boxes-1024x1024.jpg 1024w, https:\/\/www.plastic-crate.com\/wp-content\/uploads\/2017\/03\/folding-plastic-boxes.jpg 1984w\" sizes=\"auto, (max-width: 300px) 100vw, 300px\" \/><p id=\"caption-attachment-175\" class=\"wp-caption-text\">cajas de pl\u00e1stico plegables<\/p><\/div>","protected":false},"excerpt":{"rendered":"<p>Nuestras cajas plegables de pl\u00e1stico, fabricadas con PP virgen 100%, tambi\u00e9n conocidas como cajas plegables, son robustas y su pr\u00e1ctico dise\u00f1o permite plegarlas pr\u00e1cticamente por completo cuando no se utilizan, lo que ahorra mucho espacio. Adem\u00e1s, se montan y desmontan en cuesti\u00f3n de segundos. Gracias a su ligereza, ahorro de espacio y f\u00e1cil montaje, las cajas plegables de pl\u00e1stico se utilizan ampliamente en supermercados internacionales, tiendas de conveniencia 24\/7, grandes centros de distribuci\u00f3n, grandes almacenes, procesamiento de alimentos, etc.<\/p>","protected":false},"featured_media":251,"template":"","meta":{"_acf_changed":false},"product_cat":[11],"product_tag":[22,21],"class_list":{"0":"post-174","1":"product","2":"type-product","3":"status-publish","4":"has-post-thumbnail","6":"product_cat-folding-crate","7":"product_tag-folding-moving-boxes","8":"product_tag-folding-plastic-boxes","10":"first","11":"instock","12":"sale","13":"shipping-taxable","14":"purchasable","15":"product-type-simple"},"acf":[],"yoast_head":"<!-- This site is optimized with the Yoast SEO plugin v24.2 - https:\/\/yoast.com\/wordpress\/plugins\/seo\/ -->\n<title>folding plastic boxes<\/title>\n<meta name=\"description\" content=\"Best sell folding plastic boxes\" \/>\n<meta name=\"robots\" content=\"index, follow, max-snippet:-1, max-image-preview:large, max-video-preview:-1\" \/>\n<link rel=\"canonical\" href=\"https:\/\/www.plastic-crate.com\/es\/product\/folding-plastic-boxes\/\" \/>\n<meta property=\"og:locale\" content=\"es_ES\" \/>\n<meta property=\"og:type\" content=\"article\" \/>\n<meta property=\"og:title\" content=\"folding plastic boxes\" \/>\n<meta property=\"og:description\" content=\"Best sell folding plastic boxes\" \/>\n<meta property=\"og:url\" content=\"https:\/\/www.plastic-crate.com\/es\/product\/folding-plastic-boxes\/\" \/>\n<meta property=\"og:site_name\" content=\"Qusheng plastic\" \/>\n<meta property=\"article:modified_time\" content=\"2017-07-28T03:27:47+00:00\" \/>\n<meta property=\"og:image\" content=\"https:\/\/www.plastic-crate.com\/wp-content\/uploads\/2017\/03\/folding-plastic-boxes-1.jpg\" \/>\n\t<meta property=\"og:image:width\" content=\"750\" \/>\n\t<meta property=\"og:image:height\" content=\"750\" \/>\n\t<meta property=\"og:image:type\" content=\"image\/jpeg\" \/>\n<meta name=\"twitter:card\" content=\"summary_large_image\" \/>\n<meta name=\"twitter:label1\" content=\"Tiempo de lectura\" \/>\n\t<meta name=\"twitter:data1\" content=\"1 minuto\" \/>\n<script type=\"application\/ld+json\" class=\"yoast-schema-graph\">{\"@context\":\"https:\/\/schema.org\",\"@graph\":[{\"@type\":\"WebPage\",\"@id\":\"https:\/\/www.plastic-crate.com\/product\/folding-plastic-boxes\/\",\"url\":\"https:\/\/www.plastic-crate.com\/product\/folding-plastic-boxes\/\",\"name\":\"folding plastic boxes\",\"isPartOf\":{\"@id\":\"https:\/\/www.plastic-crate.com\/#website\"},\"primaryImageOfPage\":{\"@id\":\"https:\/\/www.plastic-crate.com\/product\/folding-plastic-boxes\/#primaryimage\"},\"image\":{\"@id\":\"https:\/\/www.plastic-crate.com\/product\/folding-plastic-boxes\/#primaryimage\"},\"thumbnailUrl\":\"https:\/\/www.plastic-crate.com\/wp-content\/uploads\/2017\/03\/folding-plastic-boxes-1.jpg\",\"datePublished\":\"2017-03-23T02:18:13+00:00\",\"dateModified\":\"2017-07-28T03:27:47+00:00\",\"description\":\"Best sell folding plastic boxes\",\"breadcrumb\":{\"@id\":\"https:\/\/www.plastic-crate.com\/product\/folding-plastic-boxes\/#breadcrumb\"},\"inLanguage\":\"es\",\"potentialAction\":[{\"@type\":\"ReadAction\",\"target\":[\"https:\/\/www.plastic-crate.com\/product\/folding-plastic-boxes\/\"]}]},{\"@type\":\"ImageObject\",\"inLanguage\":\"es\",\"@id\":\"https:\/\/www.plastic-crate.com\/product\/folding-plastic-boxes\/#primaryimage\",\"url\":\"https:\/\/www.plastic-crate.com\/wp-content\/uploads\/2017\/03\/folding-plastic-boxes-1.jpg\",\"contentUrl\":\"https:\/\/www.plastic-crate.com\/wp-content\/uploads\/2017\/03\/folding-plastic-boxes-1.jpg\",\"width\":750,\"height\":750,\"caption\":\"folding plastic boxes\"},{\"@type\":\"BreadcrumbList\",\"@id\":\"https:\/\/www.plastic-crate.com\/product\/folding-plastic-boxes\/#breadcrumb\",\"itemListElement\":[{\"@type\":\"ListItem\",\"position\":1,\"name\":\"Home\",\"item\":\"https:\/\/www.plastic-crate.com\/\"},{\"@type\":\"ListItem\",\"position\":2,\"name\":\"Products\",\"item\":\"https:\/\/www.plastic-crate.com\/shop\/\"},{\"@type\":\"ListItem\",\"position\":3,\"name\":\"Best sell Folding Plastic Boxes\"}]},{\"@type\":\"WebSite\",\"@id\":\"https:\/\/www.plastic-crate.com\/#website\",\"url\":\"https:\/\/www.plastic-crate.com\/\",\"name\":\"Qusheng plastic\",\"description\":\"Leading plastic crates manufacturer in China\",\"potentialAction\":[{\"@type\":\"SearchAction\",\"target\":{\"@type\":\"EntryPoint\",\"urlTemplate\":\"https:\/\/www.plastic-crate.com\/?s={search_term_string}\"},\"query-input\":{\"@type\":\"PropertyValueSpecification\",\"valueRequired\":true,\"valueName\":\"search_term_string\"}}],\"inLanguage\":\"es\"}]}<\/script>\n<!-- \/ Yoast SEO plugin. -->","yoast_head_json":{"title":"folding plastic boxes","description":"Best sell folding plastic boxes","robots":{"index":"index","follow":"follow","max-snippet":"max-snippet:-1","max-image-preview":"max-image-preview:large","max-video-preview":"max-video-preview:-1"},"canonical":"https:\/\/www.plastic-crate.com\/es\/product\/folding-plastic-boxes\/","og_locale":"es_ES","og_type":"article","og_title":"folding plastic boxes","og_description":"Best sell folding plastic boxes","og_url":"https:\/\/www.plastic-crate.com\/es\/product\/folding-plastic-boxes\/","og_site_name":"Qusheng plastic","article_modified_time":"2017-07-28T03:27:47+00:00","og_image":[{"width":750,"height":750,"url":"https:\/\/www.plastic-crate.com\/wp-content\/uploads\/2017\/03\/folding-plastic-boxes-1.jpg","type":"image\/jpeg"}],"twitter_card":"summary_large_image","twitter_misc":{"Tiempo de lectura":"1 minuto"},"schema":{"@context":"https:\/\/schema.org","@graph":[{"@type":"WebPage","@id":"https:\/\/www.plastic-crate.com\/product\/folding-plastic-boxes\/","url":"https:\/\/www.plastic-crate.com\/product\/folding-plastic-boxes\/","name":"folding plastic boxes","isPartOf":{"@id":"https:\/\/www.plastic-crate.com\/#website"},"primaryImageOfPage":{"@id":"https:\/\/www.plastic-crate.com\/product\/folding-plastic-boxes\/#primaryimage"},"image":{"@id":"https:\/\/www.plastic-crate.com\/product\/folding-plastic-boxes\/#primaryimage"},"thumbnailUrl":"https:\/\/www.plastic-crate.com\/wp-content\/uploads\/2017\/03\/folding-plastic-boxes-1.jpg","datePublished":"2017-03-23T02:18:13+00:00","dateModified":"2017-07-28T03:27:47+00:00","description":"Best sell folding plastic boxes","breadcrumb":{"@id":"https:\/\/www.plastic-crate.com\/product\/folding-plastic-boxes\/#breadcrumb"},"inLanguage":"es","potentialAction":[{"@type":"ReadAction","target":["https:\/\/www.plastic-crate.com\/product\/folding-plastic-boxes\/"]}]},{"@type":"ImageObject","inLanguage":"es","@id":"https:\/\/www.plastic-crate.com\/product\/folding-plastic-boxes\/#primaryimage","url":"https:\/\/www.plastic-crate.com\/wp-content\/uploads\/2017\/03\/folding-plastic-boxes-1.jpg","contentUrl":"https:\/\/www.plastic-crate.com\/wp-content\/uploads\/2017\/03\/folding-plastic-boxes-1.jpg","width":750,"height":750,"caption":"folding plastic boxes"},{"@type":"BreadcrumbList","@id":"https:\/\/www.plastic-crate.com\/product\/folding-plastic-boxes\/#breadcrumb","itemListElement":[{"@type":"ListItem","position":1,"name":"Home","item":"https:\/\/www.plastic-crate.com\/"},{"@type":"ListItem","position":2,"name":"Products","item":"https:\/\/www.plastic-crate.com\/shop\/"},{"@type":"ListItem","position":3,"name":"Best sell Folding Plastic Boxes"}]},{"@type":"WebSite","@id":"https:\/\/www.plastic-crate.com\/#website","url":"https:\/\/www.plastic-crate.com\/","name":"Qusheng plastic","description":"Leading plastic crates manufacturer in China","potentialAction":[{"@type":"SearchAction","target":{"@type":"EntryPoint","urlTemplate":"https:\/\/www.plastic-crate.com\/?s={search_term_string}"},"query-input":{"@type":"PropertyValueSpecification","valueRequired":true,"valueName":"search_term_string"}}],"inLanguage":"es"}]}},"_links":{"self":[{"href":"https:\/\/www.plastic-crate.com\/es\/wp-json\/wp\/v2\/product\/174","targetHints":{"allow":["GET"]}}],"collection":[{"href":"https:\/\/www.plastic-crate.com\/es\/wp-json\/wp\/v2\/product"}],"about":[{"href":"https:\/\/www.plastic-crate.com\/es\/wp-json\/wp\/v2\/types\/product"}],"wp:featuredmedia":[{"embeddable":true,"href":"https:\/\/www.plastic-crate.com\/es\/wp-json\/wp\/v2\/media\/251"}],"wp:attachment":[{"href":"https:\/\/www.plastic-crate.com\/es\/wp-json\/wp\/v2\/media?parent=174"}],"wp:term":[{"taxonomy":"product_cat","embeddable":true,"href":"https:\/\/www.plastic-crate.com\/es\/wp-json\/wp\/v2\/product_cat?post=174"},{"taxonomy":"product_tag","embeddable":true,"href":"https:\/\/www.plastic-crate.com\/es\/wp-json\/wp\/v2\/product_tag?post=174"}],"curies":[{"name":"wp","href":"https:\/\/api.w.org\/{rel}","templated":true}]}}