{"id":1642,"date":"2018-12-11T07:37:41","date_gmt":"2018-12-11T07:37:41","guid":{"rendered":"https:\/\/www.plastic-crate.com\/?post_type=product&#038;p=1642"},"modified":"2018-12-11T07:37:52","modified_gmt":"2018-12-11T07:37:52","slug":"small-warehouse-storage-bin","status":"publish","type":"product","link":"https:\/\/www.plastic-crate.com\/es\/product\/small-warehouse-storage-bin\/","title":{"rendered":"peque\u00f1o contenedor de almacenamiento de almac\u00e9n"},"content":{"rendered":"<p><strong>Contenedor de almacenamiento de almac\u00e9n<\/strong> Ofrecen ahorros totales de costos y eficiencia en todo el proceso de manejo de materiales, desde el proveedor hasta el fabricante. Nuestros contenedores modulares apilables son ideales para env\u00edos de circuito cerrado, manejo en proceso y aplicaciones de almacenamiento donde se utilizan los mismos contenedores en todo momento.<\/p>\n<p><img loading=\"lazy\" decoding=\"async\" class=\"alignnone size-medium wp-image-1643\" src=\"https:\/\/www.plastic-crate.com\/wp-content\/uploads\/2018\/12\/KLT\u7bb1\u7070-1-300x200.jpg\" alt=\"peque\u00f1o contenedor de almacenamiento de almac\u00e9n \" width=\"300\" height=\"200\" srcset=\"https:\/\/www.plastic-crate.com\/wp-content\/uploads\/2018\/12\/KLT\u7bb1\u7070-1-300x200.jpg 300w, https:\/\/www.plastic-crate.com\/wp-content\/uploads\/2018\/12\/KLT\u7bb1\u7070-1-768x512.jpg 768w, https:\/\/www.plastic-crate.com\/wp-content\/uploads\/2018\/12\/KLT\u7bb1\u7070-1-1024x683.jpg 1024w, https:\/\/www.plastic-crate.com\/wp-content\/uploads\/2018\/12\/KLT\u7bb1\u7070-1-600x400.jpg 600w, https:\/\/www.plastic-crate.com\/wp-content\/uploads\/2018\/12\/KLT\u7bb1\u7070-1-272x182.jpg 272w\" sizes=\"auto, (max-width: 300px) 100vw, 300px\" \/><\/p>","protected":false},"excerpt":{"rendered":"<p><strong>Caracter\u00edsticas y beneficios<\/strong><\/p>\n<ul>\n<li>Contenedores cubo 48\u2033 x 45\u2033 pallets<\/li>\n<li>Los lados y fondos reforzados mejoran la protecci\u00f3n del producto.<\/li>\n<li>Los tama\u00f1os interfuncionales permiten el apilamiento mixto en un pal\u00e9<\/li>\n<li>Fald\u00f3n antipolvo en tama\u00f1os selectos para mayor protecci\u00f3n del producto<\/li>\n<li>Compatible con otras marcas para ampliar su sistema existente<\/li>\n<li>Asas ergon\u00f3micas para levantar f\u00e1cilmente.<\/li>\n<li>La construcci\u00f3n de HDPE moldeado por inyecci\u00f3n resiste el impacto, la humedad y la mayor\u00eda de los productos qu\u00edmicos.<\/li>\n<li>\u00daselo con temperaturas de -20\u02da a 120\u02da F<\/li>\n<li>Opciones de personalizaci\u00f3n e identificaci\u00f3n disponibles<\/li>\n<li>Respaldado por una garant\u00eda limitada de un a\u00f1o<\/li>\n<li>100% reciclable<\/li>\n<\/ul>","protected":false},"featured_media":1644,"template":"","meta":{"_acf_changed":false},"product_cat":[15],"product_tag":[],"class_list":{"0":"post-1642","1":"product","2":"type-product","3":"status-publish","4":"has-post-thumbnail","6":"product_cat-stackable-storage-bins","8":"first","9":"instock","10":"shipping-taxable","11":"product-type-simple"},"acf":[],"yoast_head":"<!-- This site is optimized with the Yoast SEO plugin v24.2 - https:\/\/yoast.com\/wordpress\/plugins\/seo\/ -->\n<title>small warehouse storage bin - Qusheng plastic<\/title>\n<meta name=\"robots\" content=\"index, follow, max-snippet:-1, max-image-preview:large, max-video-preview:-1\" \/>\n<link rel=\"canonical\" href=\"https:\/\/www.plastic-crate.com\/es\/product\/small-warehouse-storage-bin\/\" \/>\n<meta property=\"og:locale\" content=\"es_ES\" \/>\n<meta property=\"og:type\" content=\"article\" \/>\n<meta property=\"og:title\" content=\"small warehouse storage bin - Qusheng plastic\" \/>\n<meta property=\"og:description\" content=\"Features and Benefits   Containers cube 48\u2033 x 45\u2033 pallets  Reinforced sides and bottoms enhance product protection  Interworking sizes allow mixed stacking on a pallet  Dust skirt on select sizes for added product protection  Compatible with other brands to expand your existing system  Ergonomic handles for easy lifting  Injection-molded HDPE construction resists impact, moisture and most chemicals  Use with temperatures of -20\u02da to 120\u02da F  Customization and identification options available  Backed by a one-year limited warranty  100% recyclable\" \/>\n<meta property=\"og:url\" content=\"https:\/\/www.plastic-crate.com\/es\/product\/small-warehouse-storage-bin\/\" \/>\n<meta property=\"og:site_name\" content=\"Qusheng plastic\" \/>\n<meta property=\"article:modified_time\" content=\"2018-12-11T07:37:52+00:00\" \/>\n<meta property=\"og:image\" content=\"https:\/\/www.plastic-crate.com\/wp-content\/uploads\/2018\/12\/KLT\u7bb1\u7070-2-1024x683.jpg\" \/>\n\t<meta property=\"og:image:width\" content=\"1024\" \/>\n\t<meta property=\"og:image:height\" content=\"683\" \/>\n\t<meta property=\"og:image:type\" content=\"image\/jpeg\" \/>\n<meta name=\"twitter:card\" content=\"summary_large_image\" \/>\n<script type=\"application\/ld+json\" class=\"yoast-schema-graph\">{\"@context\":\"https:\/\/schema.org\",\"@graph\":[{\"@type\":\"WebPage\",\"@id\":\"https:\/\/www.plastic-crate.com\/product\/small-warehouse-storage-bin\/\",\"url\":\"https:\/\/www.plastic-crate.com\/product\/small-warehouse-storage-bin\/\",\"name\":\"small warehouse storage bin - Qusheng plastic\",\"isPartOf\":{\"@id\":\"https:\/\/www.plastic-crate.com\/#website\"},\"primaryImageOfPage\":{\"@id\":\"https:\/\/www.plastic-crate.com\/product\/small-warehouse-storage-bin\/#primaryimage\"},\"image\":{\"@id\":\"https:\/\/www.plastic-crate.com\/product\/small-warehouse-storage-bin\/#primaryimage\"},\"thumbnailUrl\":\"https:\/\/www.plastic-crate.com\/wp-content\/uploads\/2018\/12\/KLT\u7bb1\u7070-2.jpg\",\"datePublished\":\"2018-12-11T07:37:41+00:00\",\"dateModified\":\"2018-12-11T07:37:52+00:00\",\"breadcrumb\":{\"@id\":\"https:\/\/www.plastic-crate.com\/product\/small-warehouse-storage-bin\/#breadcrumb\"},\"inLanguage\":\"es\",\"potentialAction\":[{\"@type\":\"ReadAction\",\"target\":[\"https:\/\/www.plastic-crate.com\/product\/small-warehouse-storage-bin\/\"]}]},{\"@type\":\"ImageObject\",\"inLanguage\":\"es\",\"@id\":\"https:\/\/www.plastic-crate.com\/product\/small-warehouse-storage-bin\/#primaryimage\",\"url\":\"https:\/\/www.plastic-crate.com\/wp-content\/uploads\/2018\/12\/KLT\u7bb1\u7070-2.jpg\",\"contentUrl\":\"https:\/\/www.plastic-crate.com\/wp-content\/uploads\/2018\/12\/KLT\u7bb1\u7070-2.jpg\",\"width\":3984,\"height\":2656,\"caption\":\"warehouse storage bin\"},{\"@type\":\"BreadcrumbList\",\"@id\":\"https:\/\/www.plastic-crate.com\/product\/small-warehouse-storage-bin\/#breadcrumb\",\"itemListElement\":[{\"@type\":\"ListItem\",\"position\":1,\"name\":\"Home\",\"item\":\"https:\/\/www.plastic-crate.com\/\"},{\"@type\":\"ListItem\",\"position\":2,\"name\":\"Products\",\"item\":\"https:\/\/www.plastic-crate.com\/shop\/\"},{\"@type\":\"ListItem\",\"position\":3,\"name\":\"small warehouse storage bin\"}]},{\"@type\":\"WebSite\",\"@id\":\"https:\/\/www.plastic-crate.com\/#website\",\"url\":\"https:\/\/www.plastic-crate.com\/\",\"name\":\"Qusheng plastic\",\"description\":\"Leading plastic crates manufacturer in China\",\"potentialAction\":[{\"@type\":\"SearchAction\",\"target\":{\"@type\":\"EntryPoint\",\"urlTemplate\":\"https:\/\/www.plastic-crate.com\/?s={search_term_string}\"},\"query-input\":{\"@type\":\"PropertyValueSpecification\",\"valueRequired\":true,\"valueName\":\"search_term_string\"}}],\"inLanguage\":\"es\"}]}<\/script>\n<!-- \/ Yoast SEO plugin. -->","yoast_head_json":{"title":"small warehouse storage bin - Qusheng plastic","robots":{"index":"index","follow":"follow","max-snippet":"max-snippet:-1","max-image-preview":"max-image-preview:large","max-video-preview":"max-video-preview:-1"},"canonical":"https:\/\/www.plastic-crate.com\/es\/product\/small-warehouse-storage-bin\/","og_locale":"es_ES","og_type":"article","og_title":"small warehouse storage bin - Qusheng plastic","og_description":"Features and Benefits   Containers cube 48\u2033 x 45\u2033 pallets  Reinforced sides and bottoms enhance product protection  Interworking sizes allow mixed stacking on a pallet  Dust skirt on select sizes for added product protection  Compatible with other brands to expand your existing system  Ergonomic handles for easy lifting  Injection-molded HDPE construction resists impact, moisture and most chemicals  Use with temperatures of -20\u02da to 120\u02da F  Customization and identification options available  Backed by a one-year limited warranty  100% recyclable","og_url":"https:\/\/www.plastic-crate.com\/es\/product\/small-warehouse-storage-bin\/","og_site_name":"Qusheng plastic","article_modified_time":"2018-12-11T07:37:52+00:00","og_image":[{"width":1024,"height":683,"url":"https:\/\/www.plastic-crate.com\/wp-content\/uploads\/2018\/12\/KLT\u7bb1\u7070-2-1024x683.jpg","type":"image\/jpeg"}],"twitter_card":"summary_large_image","schema":{"@context":"https:\/\/schema.org","@graph":[{"@type":"WebPage","@id":"https:\/\/www.plastic-crate.com\/product\/small-warehouse-storage-bin\/","url":"https:\/\/www.plastic-crate.com\/product\/small-warehouse-storage-bin\/","name":"small warehouse storage bin - Qusheng plastic","isPartOf":{"@id":"https:\/\/www.plastic-crate.com\/#website"},"primaryImageOfPage":{"@id":"https:\/\/www.plastic-crate.com\/product\/small-warehouse-storage-bin\/#primaryimage"},"image":{"@id":"https:\/\/www.plastic-crate.com\/product\/small-warehouse-storage-bin\/#primaryimage"},"thumbnailUrl":"https:\/\/www.plastic-crate.com\/wp-content\/uploads\/2018\/12\/KLT\u7bb1\u7070-2.jpg","datePublished":"2018-12-11T07:37:41+00:00","dateModified":"2018-12-11T07:37:52+00:00","breadcrumb":{"@id":"https:\/\/www.plastic-crate.com\/product\/small-warehouse-storage-bin\/#breadcrumb"},"inLanguage":"es","potentialAction":[{"@type":"ReadAction","target":["https:\/\/www.plastic-crate.com\/product\/small-warehouse-storage-bin\/"]}]},{"@type":"ImageObject","inLanguage":"es","@id":"https:\/\/www.plastic-crate.com\/product\/small-warehouse-storage-bin\/#primaryimage","url":"https:\/\/www.plastic-crate.com\/wp-content\/uploads\/2018\/12\/KLT\u7bb1\u7070-2.jpg","contentUrl":"https:\/\/www.plastic-crate.com\/wp-content\/uploads\/2018\/12\/KLT\u7bb1\u7070-2.jpg","width":3984,"height":2656,"caption":"warehouse storage bin"},{"@type":"BreadcrumbList","@id":"https:\/\/www.plastic-crate.com\/product\/small-warehouse-storage-bin\/#breadcrumb","itemListElement":[{"@type":"ListItem","position":1,"name":"Home","item":"https:\/\/www.plastic-crate.com\/"},{"@type":"ListItem","position":2,"name":"Products","item":"https:\/\/www.plastic-crate.com\/shop\/"},{"@type":"ListItem","position":3,"name":"small warehouse storage bin"}]},{"@type":"WebSite","@id":"https:\/\/www.plastic-crate.com\/#website","url":"https:\/\/www.plastic-crate.com\/","name":"Qusheng plastic","description":"Leading plastic crates manufacturer in China","potentialAction":[{"@type":"SearchAction","target":{"@type":"EntryPoint","urlTemplate":"https:\/\/www.plastic-crate.com\/?s={search_term_string}"},"query-input":{"@type":"PropertyValueSpecification","valueRequired":true,"valueName":"search_term_string"}}],"inLanguage":"es"}]}},"_links":{"self":[{"href":"https:\/\/www.plastic-crate.com\/es\/wp-json\/wp\/v2\/product\/1642","targetHints":{"allow":["GET"]}}],"collection":[{"href":"https:\/\/www.plastic-crate.com\/es\/wp-json\/wp\/v2\/product"}],"about":[{"href":"https:\/\/www.plastic-crate.com\/es\/wp-json\/wp\/v2\/types\/product"}],"wp:featuredmedia":[{"embeddable":true,"href":"https:\/\/www.plastic-crate.com\/es\/wp-json\/wp\/v2\/media\/1644"}],"wp:attachment":[{"href":"https:\/\/www.plastic-crate.com\/es\/wp-json\/wp\/v2\/media?parent=1642"}],"wp:term":[{"taxonomy":"product_cat","embeddable":true,"href":"https:\/\/www.plastic-crate.com\/es\/wp-json\/wp\/v2\/product_cat?post=1642"},{"taxonomy":"product_tag","embeddable":true,"href":"https:\/\/www.plastic-crate.com\/es\/wp-json\/wp\/v2\/product_tag?post=1642"}],"curies":[{"name":"wp","href":"https:\/\/api.w.org\/{rel}","templated":true}]}}