{"id":148,"date":"2017-02-14T00:47:04","date_gmt":"2017-02-14T00:47:04","guid":{"rendered":"https:\/\/www.plastic-crate.com\/?post_type=product&#038;p=148"},"modified":"2018-11-29T07:05:07","modified_gmt":"2018-11-29T07:05:07","slug":"wholesale-hinged-lid-storage-bins-6428","status":"publish","type":"product","link":"https:\/\/www.plastic-crate.com\/es\/product\/wholesale-hinged-lid-storage-bins-6428\/","title":{"rendered":"Contenedores de almacenamiento con tapa abatible al por mayor 6428"},"content":{"rendered":"","protected":false},"excerpt":{"rendered":"<p>Organ\u00edzate con estos contenedores de almacenamiento con tapa abatible. Dise\u00f1ados con una tapa abatible incorporada, estos contenedores de pl\u00e1stico son una soluci\u00f3n sencilla para el almacenamiento en casa.<\/p>\n<p>Hecho de pl\u00e1stico Resipreme duradero; apilable para un almacenamiento que ahorra espacio;<\/p>","protected":false},"featured_media":1547,"template":"","meta":{"_acf_changed":false},"product_cat":[8],"product_tag":[],"class_list":{"0":"post-148","1":"product","2":"type-product","3":"status-publish","4":"has-post-thumbnail","6":"product_cat-plastic-moving-crates","8":"first","9":"instock","10":"shipping-taxable","11":"product-type-simple"},"acf":[],"yoast_head":"<!-- This site is optimized with the Yoast SEO plugin v24.2 - https:\/\/yoast.com\/wordpress\/plugins\/seo\/ -->\n<title>Wholesale hinged lid storage bins 6428 - Qusheng plastic<\/title>\n<meta name=\"description\" content=\"Get organized with this hinged lid storage bins. Designed with an attached, flip-top lid, this plastic bin is a simple home storage solution\" \/>\n<meta name=\"robots\" content=\"index, follow, max-snippet:-1, max-image-preview:large, max-video-preview:-1\" \/>\n<link rel=\"canonical\" href=\"https:\/\/www.plastic-crate.com\/es\/product\/wholesale-hinged-lid-storage-bins-6428\/\" \/>\n<meta property=\"og:locale\" content=\"es_ES\" \/>\n<meta property=\"og:type\" content=\"article\" \/>\n<meta property=\"og:title\" content=\"Wholesale hinged lid storage bins 6428 - Qusheng plastic\" \/>\n<meta property=\"og:description\" content=\"Get organized with this hinged lid storage bins. Designed with an attached, flip-top lid, this plastic bin is a simple home storage solution\" \/>\n<meta property=\"og:url\" content=\"https:\/\/www.plastic-crate.com\/es\/product\/wholesale-hinged-lid-storage-bins-6428\/\" \/>\n<meta property=\"og:site_name\" content=\"Qusheng plastic\" \/>\n<meta property=\"article:modified_time\" content=\"2018-11-29T07:05:07+00:00\" \/>\n<meta property=\"og:image\" content=\"https:\/\/www.plastic-crate.com\/wp-content\/uploads\/2017\/02\/6428-8.jpg\" \/>\n\t<meta property=\"og:image:width\" content=\"700\" \/>\n\t<meta property=\"og:image:height\" content=\"700\" \/>\n\t<meta property=\"og:image:type\" content=\"image\/jpeg\" \/>\n<meta name=\"twitter:card\" content=\"summary_large_image\" \/>\n<script type=\"application\/ld+json\" class=\"yoast-schema-graph\">{\"@context\":\"https:\/\/schema.org\",\"@graph\":[{\"@type\":\"WebPage\",\"@id\":\"https:\/\/www.plastic-crate.com\/product\/wholesale-hinged-lid-storage-bins-6428\/\",\"url\":\"https:\/\/www.plastic-crate.com\/product\/wholesale-hinged-lid-storage-bins-6428\/\",\"name\":\"Wholesale hinged lid storage bins 6428 - Qusheng plastic\",\"isPartOf\":{\"@id\":\"https:\/\/www.plastic-crate.com\/#website\"},\"primaryImageOfPage\":{\"@id\":\"https:\/\/www.plastic-crate.com\/product\/wholesale-hinged-lid-storage-bins-6428\/#primaryimage\"},\"image\":{\"@id\":\"https:\/\/www.plastic-crate.com\/product\/wholesale-hinged-lid-storage-bins-6428\/#primaryimage\"},\"thumbnailUrl\":\"https:\/\/www.plastic-crate.com\/wp-content\/uploads\/2017\/02\/6428-8.jpg\",\"datePublished\":\"2017-02-14T00:47:04+00:00\",\"dateModified\":\"2018-11-29T07:05:07+00:00\",\"description\":\"Get organized with this hinged lid storage bins. Designed with an attached, flip-top lid, this plastic bin is a simple home storage solution\",\"breadcrumb\":{\"@id\":\"https:\/\/www.plastic-crate.com\/product\/wholesale-hinged-lid-storage-bins-6428\/#breadcrumb\"},\"inLanguage\":\"es\",\"potentialAction\":[{\"@type\":\"ReadAction\",\"target\":[\"https:\/\/www.plastic-crate.com\/product\/wholesale-hinged-lid-storage-bins-6428\/\"]}]},{\"@type\":\"ImageObject\",\"inLanguage\":\"es\",\"@id\":\"https:\/\/www.plastic-crate.com\/product\/wholesale-hinged-lid-storage-bins-6428\/#primaryimage\",\"url\":\"https:\/\/www.plastic-crate.com\/wp-content\/uploads\/2017\/02\/6428-8.jpg\",\"contentUrl\":\"https:\/\/www.plastic-crate.com\/wp-content\/uploads\/2017\/02\/6428-8.jpg\",\"width\":700,\"height\":700,\"caption\":\"Wholesale hinged lid storage bins\"},{\"@type\":\"BreadcrumbList\",\"@id\":\"https:\/\/www.plastic-crate.com\/product\/wholesale-hinged-lid-storage-bins-6428\/#breadcrumb\",\"itemListElement\":[{\"@type\":\"ListItem\",\"position\":1,\"name\":\"Home\",\"item\":\"https:\/\/www.plastic-crate.com\/\"},{\"@type\":\"ListItem\",\"position\":2,\"name\":\"Products\",\"item\":\"https:\/\/www.plastic-crate.com\/shop\/\"},{\"@type\":\"ListItem\",\"position\":3,\"name\":\"Wholesale hinged lid storage bins 6428\"}]},{\"@type\":\"WebSite\",\"@id\":\"https:\/\/www.plastic-crate.com\/#website\",\"url\":\"https:\/\/www.plastic-crate.com\/\",\"name\":\"Qusheng plastic\",\"description\":\"Leading plastic crates manufacturer in China\",\"potentialAction\":[{\"@type\":\"SearchAction\",\"target\":{\"@type\":\"EntryPoint\",\"urlTemplate\":\"https:\/\/www.plastic-crate.com\/?s={search_term_string}\"},\"query-input\":{\"@type\":\"PropertyValueSpecification\",\"valueRequired\":true,\"valueName\":\"search_term_string\"}}],\"inLanguage\":\"es\"}]}<\/script>\n<!-- \/ Yoast SEO plugin. -->","yoast_head_json":{"title":"Wholesale hinged lid storage bins 6428 - Qusheng plastic","description":"Get organized with this hinged lid storage bins. Designed with an attached, flip-top lid, this plastic bin is a simple home storage solution","robots":{"index":"index","follow":"follow","max-snippet":"max-snippet:-1","max-image-preview":"max-image-preview:large","max-video-preview":"max-video-preview:-1"},"canonical":"https:\/\/www.plastic-crate.com\/es\/product\/wholesale-hinged-lid-storage-bins-6428\/","og_locale":"es_ES","og_type":"article","og_title":"Wholesale hinged lid storage bins 6428 - Qusheng plastic","og_description":"Get organized with this hinged lid storage bins. Designed with an attached, flip-top lid, this plastic bin is a simple home storage solution","og_url":"https:\/\/www.plastic-crate.com\/es\/product\/wholesale-hinged-lid-storage-bins-6428\/","og_site_name":"Qusheng plastic","article_modified_time":"2018-11-29T07:05:07+00:00","og_image":[{"width":700,"height":700,"url":"https:\/\/www.plastic-crate.com\/wp-content\/uploads\/2017\/02\/6428-8.jpg","type":"image\/jpeg"}],"twitter_card":"summary_large_image","schema":{"@context":"https:\/\/schema.org","@graph":[{"@type":"WebPage","@id":"https:\/\/www.plastic-crate.com\/product\/wholesale-hinged-lid-storage-bins-6428\/","url":"https:\/\/www.plastic-crate.com\/product\/wholesale-hinged-lid-storage-bins-6428\/","name":"Wholesale hinged lid storage bins 6428 - Qusheng plastic","isPartOf":{"@id":"https:\/\/www.plastic-crate.com\/#website"},"primaryImageOfPage":{"@id":"https:\/\/www.plastic-crate.com\/product\/wholesale-hinged-lid-storage-bins-6428\/#primaryimage"},"image":{"@id":"https:\/\/www.plastic-crate.com\/product\/wholesale-hinged-lid-storage-bins-6428\/#primaryimage"},"thumbnailUrl":"https:\/\/www.plastic-crate.com\/wp-content\/uploads\/2017\/02\/6428-8.jpg","datePublished":"2017-02-14T00:47:04+00:00","dateModified":"2018-11-29T07:05:07+00:00","description":"Get organized with this hinged lid storage bins. Designed with an attached, flip-top lid, this plastic bin is a simple home storage solution","breadcrumb":{"@id":"https:\/\/www.plastic-crate.com\/product\/wholesale-hinged-lid-storage-bins-6428\/#breadcrumb"},"inLanguage":"es","potentialAction":[{"@type":"ReadAction","target":["https:\/\/www.plastic-crate.com\/product\/wholesale-hinged-lid-storage-bins-6428\/"]}]},{"@type":"ImageObject","inLanguage":"es","@id":"https:\/\/www.plastic-crate.com\/product\/wholesale-hinged-lid-storage-bins-6428\/#primaryimage","url":"https:\/\/www.plastic-crate.com\/wp-content\/uploads\/2017\/02\/6428-8.jpg","contentUrl":"https:\/\/www.plastic-crate.com\/wp-content\/uploads\/2017\/02\/6428-8.jpg","width":700,"height":700,"caption":"Wholesale hinged lid storage bins"},{"@type":"BreadcrumbList","@id":"https:\/\/www.plastic-crate.com\/product\/wholesale-hinged-lid-storage-bins-6428\/#breadcrumb","itemListElement":[{"@type":"ListItem","position":1,"name":"Home","item":"https:\/\/www.plastic-crate.com\/"},{"@type":"ListItem","position":2,"name":"Products","item":"https:\/\/www.plastic-crate.com\/shop\/"},{"@type":"ListItem","position":3,"name":"Wholesale hinged lid storage bins 6428"}]},{"@type":"WebSite","@id":"https:\/\/www.plastic-crate.com\/#website","url":"https:\/\/www.plastic-crate.com\/","name":"Qusheng plastic","description":"Leading plastic crates manufacturer in China","potentialAction":[{"@type":"SearchAction","target":{"@type":"EntryPoint","urlTemplate":"https:\/\/www.plastic-crate.com\/?s={search_term_string}"},"query-input":{"@type":"PropertyValueSpecification","valueRequired":true,"valueName":"search_term_string"}}],"inLanguage":"es"}]}},"_links":{"self":[{"href":"https:\/\/www.plastic-crate.com\/es\/wp-json\/wp\/v2\/product\/148","targetHints":{"allow":["GET"]}}],"collection":[{"href":"https:\/\/www.plastic-crate.com\/es\/wp-json\/wp\/v2\/product"}],"about":[{"href":"https:\/\/www.plastic-crate.com\/es\/wp-json\/wp\/v2\/types\/product"}],"wp:featuredmedia":[{"embeddable":true,"href":"https:\/\/www.plastic-crate.com\/es\/wp-json\/wp\/v2\/media\/1547"}],"wp:attachment":[{"href":"https:\/\/www.plastic-crate.com\/es\/wp-json\/wp\/v2\/media?parent=148"}],"wp:term":[{"taxonomy":"product_cat","embeddable":true,"href":"https:\/\/www.plastic-crate.com\/es\/wp-json\/wp\/v2\/product_cat?post=148"},{"taxonomy":"product_tag","embeddable":true,"href":"https:\/\/www.plastic-crate.com\/es\/wp-json\/wp\/v2\/product_tag?post=148"}],"curies":[{"name":"wp","href":"https:\/\/api.w.org\/{rel}","templated":true}]}}